{"id":4691,"date":"2025-12-23T19:36:46","date_gmt":"2025-12-23T19:36:46","guid":{"rendered":"https:\/\/albinosas.lt\/?post_type=product&#038;p=4691"},"modified":"2025-12-23T19:39:23","modified_gmt":"2025-12-23T19:39:23","slug":"dovanu-kuponas-albinose","status":"publish","type":"product","link":"https:\/\/albinosas.lt\/en\/product\/dovanu-kuponas-albinose\/","title":{"rendered":"Dovan\u0173 kuponas &#8222;albinose&#8221;"},"content":{"rendered":"<p><span style=\"font-weight: 400;\">M\u016bs\u0173 dail\u0117s studija \u2013 tai ne tik k\u016brybin\u0117 erdv\u0117, bet ir puiki vieta \u0161v\u0119sti \u012fvairias \u0161ventes. \u010cia galite organizuoti <\/span><b>gimtadienius, k\u016brybines vakarones, \u0161eimos ar draug\u0173 susib\u016brimus ar didelio paveikslo tapyba<\/b><span style=\"font-weight: 400;\"> unikalioje, \u012fkvepian\u010dioje aplinkoje.<\/span><\/p>\n<p><span style=\"font-weight: 400;\">Si\u016blome visk\u0105, ko reikia smagiai ir k\u016brybi\u0161kai praleisti laik\u0105: profesionalias dail\u0117s priemones, \u012fvairi\u0173 dyd\u017ei\u0173 drobes, spalvingas med\u017eiagas ir draugi\u0161k\u0105, palaikan\u010di\u0105 atmosfer\u0105. Dalyviai gal\u0117s patys kurti savo k\u016brinius, eksperimentuoti su spalvomis ir technikomis bei parsine\u0161ti namo \u012fsp\u016bding\u0105 ir asmeni\u0161k\u0105 menin\u012f darb\u0105.<\/span><\/p>\n<p><span style=\"font-weight: 400;\">\u0160vent\u0117 m\u016bs\u0173 studijoje \u2013 tai ne tik linksmyb\u0117s, bet ir k\u016brybin\u0117 patirtis, kuri \u012fkvepia, lavina vaizduot\u0119 ir suteikia nepamir\u0161tam\u0173 prisiminim\u0173.<\/span><\/p>\n<p><strong>Jokio papildomo mokes\u010dio u\u017e priemones!<\/strong><\/p>\n<p><span style=\"font-weight: 400;\">The studio is innovative: projector, iPad tablets, interactive whiteboards, music player, headphones, printer, laminating machine, filming equipment.<\/span><\/p>\n<p><span style=\"font-weight: 400;\">High-quality, proven, highest quality tools.<\/span><\/p>\n<p><span style=\"font-weight: 400;\">Free snacks and drinks.<\/span><\/p>","protected":false},"excerpt":{"rendered":"<p>Space for birthdays, creative evenings, family and friends gatherings. Participants create their own artworks or paint a large collaborative picture in an inspiring environment. All materials are included in the price.<\/p>","protected":false},"featured_media":4637,"template":"","meta":[],"product_brand":[],"product_cat":[30],"product_tag":[],"class_list":{"0":"post-4691","1":"product","2":"type-product","3":"status-publish","4":"has-post-thumbnail","6":"product_cat-tapybos-studija-vilniuje","8":"first","9":"instock","10":"shipping-taxable","11":"purchasable","12":"product-type-variable"},"yoast_head":"<!-- This site is optimized with the Yoast SEO plugin v27.5 - https:\/\/yoast.com\/product\/yoast-seo-wordpress\/ -->\n<title>Dovan\u0173 kuponas &quot;albinose&quot; - albinosas.lt<\/title>\n<meta name=\"robots\" content=\"index, follow, max-snippet:-1, max-image-preview:large, max-video-preview:-1\" \/>\n<link rel=\"canonical\" href=\"https:\/\/albinosas.lt\/en\/product\/dovanu-kuponas-albinose\/\" \/>\n<meta property=\"og:locale\" content=\"en_GB\" \/>\n<meta property=\"og:type\" content=\"article\" \/>\n<meta property=\"og:title\" content=\"Dovan\u0173 kuponas &quot;albinose&quot; - albinosas.lt\" \/>\n<meta property=\"og:description\" content=\"Erdv\u0117 gimtadieniams, k\u016brybin\u0117ms vakaron\u0117ms, \u0161eimos ar draug\u0173 susib\u016brimams. Dalyviai kuria savo k\u016brinius arba tapo didel\u012f bendr\u0105 paveiksl\u0105 \u012fkvepian\u010dioje aplinkoje. \u012e kain\u0105 \u012fskai\u010diuotos visos priemon\u0117s.\" \/>\n<meta property=\"og:url\" content=\"https:\/\/albinosas.lt\/en\/product\/dovanu-kuponas-albinose\/\" \/>\n<meta property=\"og:site_name\" content=\"albinosas.lt\" \/>\n<meta property=\"article:publisher\" content=\"https:\/\/www.facebook.com\/profile.php?id=61578623573228\" \/>\n<meta property=\"article:modified_time\" content=\"2025-12-23T19:39:23+00:00\" \/>\n<meta property=\"og:image\" content=\"https:\/\/albinosas.lt\/wp-content\/uploads\/2025\/12\/8N2A9018-foto-Eimantas-Paulauskas-scaled.jpg\" \/>\n\t<meta property=\"og:image:width\" content=\"2560\" \/>\n\t<meta property=\"og:image:height\" content=\"1707\" \/>\n\t<meta property=\"og:image:type\" content=\"image\/jpeg\" \/>\n<meta name=\"twitter:card\" content=\"summary_large_image\" \/>\n<meta name=\"twitter:label1\" content=\"Estimated reading time\" \/>\n\t<meta name=\"twitter:data1\" content=\"1 minute\" \/>\n<script type=\"application\/ld+json\" class=\"yoast-schema-graph\">{\"@context\":\"https:\\\/\\\/schema.org\",\"@graph\":[{\"@type\":\"WebPage\",\"@id\":\"https:\\\/\\\/albinosas.lt\\\/product\\\/dovanu-kuponas-albinose\\\/\",\"url\":\"https:\\\/\\\/albinosas.lt\\\/product\\\/dovanu-kuponas-albinose\\\/\",\"name\":\"Dovan\u0173 kuponas \\\"albinose\\\" - albinosas.lt\",\"isPartOf\":{\"@id\":\"https:\\\/\\\/albinosas.lt\\\/#website\"},\"primaryImageOfPage\":{\"@id\":\"https:\\\/\\\/albinosas.lt\\\/product\\\/dovanu-kuponas-albinose\\\/#primaryimage\"},\"image\":{\"@id\":\"https:\\\/\\\/albinosas.lt\\\/product\\\/dovanu-kuponas-albinose\\\/#primaryimage\"},\"thumbnailUrl\":\"https:\\\/\\\/albinosas.lt\\\/wp-content\\\/uploads\\\/2025\\\/12\\\/8N2A9018-foto-Eimantas-Paulauskas-scaled.jpg\",\"datePublished\":\"2025-12-23T19:36:46+00:00\",\"dateModified\":\"2025-12-23T19:39:23+00:00\",\"breadcrumb\":{\"@id\":\"https:\\\/\\\/albinosas.lt\\\/product\\\/dovanu-kuponas-albinose\\\/#breadcrumb\"},\"inLanguage\":\"en-GB\",\"potentialAction\":[{\"@type\":\"ReadAction\",\"target\":[\"https:\\\/\\\/albinosas.lt\\\/product\\\/dovanu-kuponas-albinose\\\/\"]}]},{\"@type\":\"ImageObject\",\"inLanguage\":\"en-GB\",\"@id\":\"https:\\\/\\\/albinosas.lt\\\/product\\\/dovanu-kuponas-albinose\\\/#primaryimage\",\"url\":\"https:\\\/\\\/albinosas.lt\\\/wp-content\\\/uploads\\\/2025\\\/12\\\/8N2A9018-foto-Eimantas-Paulauskas-scaled.jpg\",\"contentUrl\":\"https:\\\/\\\/albinosas.lt\\\/wp-content\\\/uploads\\\/2025\\\/12\\\/8N2A9018-foto-Eimantas-Paulauskas-scaled.jpg\",\"width\":2560,\"height\":1707},{\"@type\":\"BreadcrumbList\",\"@id\":\"https:\\\/\\\/albinosas.lt\\\/product\\\/dovanu-kuponas-albinose\\\/#breadcrumb\",\"itemListElement\":[{\"@type\":\"ListItem\",\"position\":1,\"name\":\"Home\",\"item\":\"https:\\\/\\\/albinosas.lt\\\/\"},{\"@type\":\"ListItem\",\"position\":2,\"name\":\"Parduotuv\u0117\",\"item\":\"https:\\\/\\\/albinosas.lt\\\/parduotuve\\\/\"},{\"@type\":\"ListItem\",\"position\":3,\"name\":\"Dovan\u0173 kuponas &#8222;albinose&#8221;\"}]},{\"@type\":\"WebSite\",\"@id\":\"https:\\\/\\\/albinosas.lt\\\/#website\",\"url\":\"https:\\\/\\\/albinosas.lt\\\/\",\"name\":\"albinosas.lt\",\"description\":\"Tapybos studija Vilniuje - Alb1nosas\",\"potentialAction\":[{\"@type\":\"SearchAction\",\"target\":{\"@type\":\"EntryPoint\",\"urlTemplate\":\"https:\\\/\\\/albinosas.lt\\\/?s={search_term_string}\"},\"query-input\":{\"@type\":\"PropertyValueSpecification\",\"valueRequired\":true,\"valueName\":\"search_term_string\"}}],\"inLanguage\":\"en-GB\"}]}<\/script>\n<!-- \/ Yoast SEO plugin. -->","yoast_head_json":{"title":"Dovan\u0173 kuponas \"albinose\" - albinosas.lt","robots":{"index":"index","follow":"follow","max-snippet":"max-snippet:-1","max-image-preview":"max-image-preview:large","max-video-preview":"max-video-preview:-1"},"canonical":"https:\/\/albinosas.lt\/en\/product\/dovanu-kuponas-albinose\/","og_locale":"en_GB","og_type":"article","og_title":"Dovan\u0173 kuponas \"albinose\" - albinosas.lt","og_description":"Erdv\u0117 gimtadieniams, k\u016brybin\u0117ms vakaron\u0117ms, \u0161eimos ar draug\u0173 susib\u016brimams. Dalyviai kuria savo k\u016brinius arba tapo didel\u012f bendr\u0105 paveiksl\u0105 \u012fkvepian\u010dioje aplinkoje. \u012e kain\u0105 \u012fskai\u010diuotos visos priemon\u0117s.","og_url":"https:\/\/albinosas.lt\/en\/product\/dovanu-kuponas-albinose\/","og_site_name":"albinosas.lt","article_publisher":"https:\/\/www.facebook.com\/profile.php?id=61578623573228","article_modified_time":"2025-12-23T19:39:23+00:00","og_image":[{"width":2560,"height":1707,"url":"https:\/\/albinosas.lt\/wp-content\/uploads\/2025\/12\/8N2A9018-foto-Eimantas-Paulauskas-scaled.jpg","type":"image\/jpeg"}],"twitter_card":"summary_large_image","twitter_misc":{"Estimated reading time":"1 minute"},"schema":{"@context":"https:\/\/schema.org","@graph":[{"@type":"WebPage","@id":"https:\/\/albinosas.lt\/product\/dovanu-kuponas-albinose\/","url":"https:\/\/albinosas.lt\/product\/dovanu-kuponas-albinose\/","name":"Dovan\u0173 kuponas \"albinose\" - albinosas.lt","isPartOf":{"@id":"https:\/\/albinosas.lt\/#website"},"primaryImageOfPage":{"@id":"https:\/\/albinosas.lt\/product\/dovanu-kuponas-albinose\/#primaryimage"},"image":{"@id":"https:\/\/albinosas.lt\/product\/dovanu-kuponas-albinose\/#primaryimage"},"thumbnailUrl":"https:\/\/albinosas.lt\/wp-content\/uploads\/2025\/12\/8N2A9018-foto-Eimantas-Paulauskas-scaled.jpg","datePublished":"2025-12-23T19:36:46+00:00","dateModified":"2025-12-23T19:39:23+00:00","breadcrumb":{"@id":"https:\/\/albinosas.lt\/product\/dovanu-kuponas-albinose\/#breadcrumb"},"inLanguage":"en-GB","potentialAction":[{"@type":"ReadAction","target":["https:\/\/albinosas.lt\/product\/dovanu-kuponas-albinose\/"]}]},{"@type":"ImageObject","inLanguage":"en-GB","@id":"https:\/\/albinosas.lt\/product\/dovanu-kuponas-albinose\/#primaryimage","url":"https:\/\/albinosas.lt\/wp-content\/uploads\/2025\/12\/8N2A9018-foto-Eimantas-Paulauskas-scaled.jpg","contentUrl":"https:\/\/albinosas.lt\/wp-content\/uploads\/2025\/12\/8N2A9018-foto-Eimantas-Paulauskas-scaled.jpg","width":2560,"height":1707},{"@type":"BreadcrumbList","@id":"https:\/\/albinosas.lt\/product\/dovanu-kuponas-albinose\/#breadcrumb","itemListElement":[{"@type":"ListItem","position":1,"name":"Home","item":"https:\/\/albinosas.lt\/"},{"@type":"ListItem","position":2,"name":"Parduotuv\u0117","item":"https:\/\/albinosas.lt\/parduotuve\/"},{"@type":"ListItem","position":3,"name":"Dovan\u0173 kuponas &#8222;albinose&#8221;"}]},{"@type":"WebSite","@id":"https:\/\/albinosas.lt\/#website","url":"https:\/\/albinosas.lt\/","name":"albinosas.lt","description":"Tapybos studija Vilniuje - Alb1nosas","potentialAction":[{"@type":"SearchAction","target":{"@type":"EntryPoint","urlTemplate":"https:\/\/albinosas.lt\/?s={search_term_string}"},"query-input":{"@type":"PropertyValueSpecification","valueRequired":true,"valueName":"search_term_string"}}],"inLanguage":"en-GB"}]}},"_links":{"self":[{"href":"https:\/\/albinosas.lt\/en\/wp-json\/wp\/v2\/product\/4691","targetHints":{"allow":["GET"]}}],"collection":[{"href":"https:\/\/albinosas.lt\/en\/wp-json\/wp\/v2\/product"}],"about":[{"href":"https:\/\/albinosas.lt\/en\/wp-json\/wp\/v2\/types\/product"}],"wp:featuredmedia":[{"embeddable":true,"href":"https:\/\/albinosas.lt\/en\/wp-json\/wp\/v2\/media\/4637"}],"wp:attachment":[{"href":"https:\/\/albinosas.lt\/en\/wp-json\/wp\/v2\/media?parent=4691"}],"wp:term":[{"taxonomy":"product_brand","embeddable":true,"href":"https:\/\/albinosas.lt\/en\/wp-json\/wp\/v2\/product_brand?post=4691"},{"taxonomy":"product_cat","embeddable":true,"href":"https:\/\/albinosas.lt\/en\/wp-json\/wp\/v2\/product_cat?post=4691"},{"taxonomy":"product_tag","embeddable":true,"href":"https:\/\/albinosas.lt\/en\/wp-json\/wp\/v2\/product_tag?post=4691"}],"curies":[{"name":"wp","href":"https:\/\/api.w.org\/{rel}","templated":true}]}}