{"id":2804,"date":"2016-05-17T09:52:35","date_gmt":"2016-05-17T09:52:35","guid":{"rendered":"https:\/\/heli.thememove.com\/product\/floor-lamp\/"},"modified":"2026-05-11T16:20:20","modified_gmt":"2026-05-11T16:20:20","slug":"vienkartine-pamoka","status":"publish","type":"product","link":"https:\/\/albinosas.lt\/en\/product\/vienkartine-pamoka\/","title":{"rendered":"One-off lesson"},"content":{"rendered":"<p>Pamokos trukm\u0117: 2.5val.<\/p>\n<p>A great opportunity to try out painting, get to know the studio and feel like an artist without a long-term commitment.<\/p>\n<p><strong>Jokio papildomo mokes\u010dio u\u017e priemones!<\/strong><\/p>\n<p><span style=\"font-weight: 400;\">The studio is innovative: projector, iPad tablets, interactive whiteboards, music player, headphones, printer, laminating machine, filming equipment.<\/span><\/p>\n<p><span style=\"font-weight: 400;\">High-quality, proven, highest quality tools.<\/span><\/p>\n<p><span style=\"font-weight: 400;\">Free snacks and drinks.<\/span><\/p>","protected":false},"excerpt":{"rendered":"<p>Pamokos trukm\u0117 2.5val. Puiki galimyb\u0117 i\u0161bandyti tapyb\u0105, susipa\u017einti su studija ir pasijusti k\u016br\u0117ju be ilgalaiki\u0173 \u012fsipareigojim\u0173.<\/p>","protected":false},"featured_media":4607,"template":"","meta":[],"product_brand":[],"product_cat":[30],"product_tag":[],"class_list":{"0":"post-2804","1":"product","2":"type-product","3":"status-publish","4":"has-post-thumbnail","6":"product_cat-tapybos-studija-vilniuje","8":"first","9":"instock","10":"virtual","11":"purchasable","12":"product-type-simple"},"yoast_head":"<!-- This site is optimized with the Yoast SEO plugin v27.5 - https:\/\/yoast.com\/product\/yoast-seo-wordpress\/ -->\n<title>Vienkartin\u0117 pamoka dail\u0117s studijoje - albinosas.lt<\/title>\n<meta name=\"description\" content=\"Puiki galimyb\u0117 i\u0161bandyti tapyb\u0105, susipa\u017einti su studija ir pasijusti k\u016br\u0117ju be ilgalaiki\u0173 \u012fsipareigojim\u0173 tapybos ir dail\u0117s studijoje Vilniuje.\" \/>\n<meta name=\"robots\" content=\"index, follow, max-snippet:-1, max-image-preview:large, max-video-preview:-1\" \/>\n<link rel=\"canonical\" href=\"https:\/\/albinosas.lt\/en\/product\/vienkartine-pamoka\/\" \/>\n<meta property=\"og:locale\" content=\"en_GB\" \/>\n<meta property=\"og:type\" content=\"article\" \/>\n<meta property=\"og:title\" content=\"Vienkartin\u0117 pamoka dail\u0117s studijoje - albinosas.lt\" \/>\n<meta property=\"og:description\" content=\"Puiki galimyb\u0117 i\u0161bandyti tapyb\u0105, susipa\u017einti su studija ir pasijusti k\u016br\u0117ju be ilgalaiki\u0173 \u012fsipareigojim\u0173 tapybos ir dail\u0117s studijoje Vilniuje.\" \/>\n<meta property=\"og:url\" content=\"https:\/\/albinosas.lt\/en\/product\/vienkartine-pamoka\/\" \/>\n<meta property=\"og:site_name\" content=\"albinosas.lt\" \/>\n<meta property=\"article:publisher\" content=\"https:\/\/www.facebook.com\/profile.php?id=61578623573228\" \/>\n<meta property=\"article:modified_time\" content=\"2026-05-11T16:20:20+00:00\" \/>\n<meta property=\"og:image\" content=\"https:\/\/albinosas.lt\/wp-content\/uploads\/2025\/12\/8N2A8870-Pano-foto-Eimantas-Paulauskas-scaled.jpg\" \/>\n\t<meta property=\"og:image:width\" content=\"2560\" \/>\n\t<meta property=\"og:image:height\" content=\"1017\" \/>\n\t<meta property=\"og:image:type\" content=\"image\/jpeg\" \/>\n<meta name=\"twitter:card\" content=\"summary_large_image\" \/>\n<meta name=\"twitter:label1\" content=\"Estimated reading time\" \/>\n\t<meta name=\"twitter:data1\" content=\"1 minute\" \/>\n<script type=\"application\/ld+json\" class=\"yoast-schema-graph\">{\"@context\":\"https:\\\/\\\/schema.org\",\"@graph\":[{\"@type\":\"WebPage\",\"@id\":\"https:\\\/\\\/albinosas.lt\\\/product\\\/vienkartine-pamoka\\\/\",\"url\":\"https:\\\/\\\/albinosas.lt\\\/product\\\/vienkartine-pamoka\\\/\",\"name\":\"Vienkartin\u0117 pamoka dail\u0117s studijoje - albinosas.lt\",\"isPartOf\":{\"@id\":\"https:\\\/\\\/albinosas.lt\\\/#website\"},\"primaryImageOfPage\":{\"@id\":\"https:\\\/\\\/albinosas.lt\\\/product\\\/vienkartine-pamoka\\\/#primaryimage\"},\"image\":{\"@id\":\"https:\\\/\\\/albinosas.lt\\\/product\\\/vienkartine-pamoka\\\/#primaryimage\"},\"thumbnailUrl\":\"https:\\\/\\\/albinosas.lt\\\/wp-content\\\/uploads\\\/2025\\\/12\\\/8N2A8870-Pano-foto-Eimantas-Paulauskas-scaled.jpg\",\"datePublished\":\"2016-05-17T09:52:35+00:00\",\"dateModified\":\"2026-05-11T16:20:20+00:00\",\"description\":\"Puiki galimyb\u0117 i\u0161bandyti tapyb\u0105, susipa\u017einti su studija ir pasijusti k\u016br\u0117ju be ilgalaiki\u0173 \u012fsipareigojim\u0173 tapybos ir dail\u0117s studijoje Vilniuje.\",\"breadcrumb\":{\"@id\":\"https:\\\/\\\/albinosas.lt\\\/product\\\/vienkartine-pamoka\\\/#breadcrumb\"},\"inLanguage\":\"en-GB\",\"potentialAction\":[{\"@type\":\"ReadAction\",\"target\":[\"https:\\\/\\\/albinosas.lt\\\/product\\\/vienkartine-pamoka\\\/\"]}]},{\"@type\":\"ImageObject\",\"inLanguage\":\"en-GB\",\"@id\":\"https:\\\/\\\/albinosas.lt\\\/product\\\/vienkartine-pamoka\\\/#primaryimage\",\"url\":\"https:\\\/\\\/albinosas.lt\\\/wp-content\\\/uploads\\\/2025\\\/12\\\/8N2A8870-Pano-foto-Eimantas-Paulauskas-scaled.jpg\",\"contentUrl\":\"https:\\\/\\\/albinosas.lt\\\/wp-content\\\/uploads\\\/2025\\\/12\\\/8N2A8870-Pano-foto-Eimantas-Paulauskas-scaled.jpg\",\"width\":2560,\"height\":1017},{\"@type\":\"BreadcrumbList\",\"@id\":\"https:\\\/\\\/albinosas.lt\\\/product\\\/vienkartine-pamoka\\\/#breadcrumb\",\"itemListElement\":[{\"@type\":\"ListItem\",\"position\":1,\"name\":\"Home\",\"item\":\"https:\\\/\\\/albinosas.lt\\\/\"},{\"@type\":\"ListItem\",\"position\":2,\"name\":\"Parduotuv\u0117\",\"item\":\"https:\\\/\\\/albinosas.lt\\\/parduotuve\\\/\"},{\"@type\":\"ListItem\",\"position\":3,\"name\":\"Vienkartin\u0117 pamoka\"}]},{\"@type\":\"WebSite\",\"@id\":\"https:\\\/\\\/albinosas.lt\\\/#website\",\"url\":\"https:\\\/\\\/albinosas.lt\\\/\",\"name\":\"albinosas.lt\",\"description\":\"Tapybos studija Vilniuje - Alb1nosas\",\"potentialAction\":[{\"@type\":\"SearchAction\",\"target\":{\"@type\":\"EntryPoint\",\"urlTemplate\":\"https:\\\/\\\/albinosas.lt\\\/?s={search_term_string}\"},\"query-input\":{\"@type\":\"PropertyValueSpecification\",\"valueRequired\":true,\"valueName\":\"search_term_string\"}}],\"inLanguage\":\"en-GB\"}]}<\/script>\n<!-- \/ Yoast SEO plugin. -->","yoast_head_json":{"title":"Vienkartin\u0117 pamoka dail\u0117s studijoje - albinosas.lt","description":"Puiki galimyb\u0117 i\u0161bandyti tapyb\u0105, susipa\u017einti su studija ir pasijusti k\u016br\u0117ju be ilgalaiki\u0173 \u012fsipareigojim\u0173 tapybos ir dail\u0117s studijoje Vilniuje.","robots":{"index":"index","follow":"follow","max-snippet":"max-snippet:-1","max-image-preview":"max-image-preview:large","max-video-preview":"max-video-preview:-1"},"canonical":"https:\/\/albinosas.lt\/en\/product\/vienkartine-pamoka\/","og_locale":"en_GB","og_type":"article","og_title":"Vienkartin\u0117 pamoka dail\u0117s studijoje - albinosas.lt","og_description":"Puiki galimyb\u0117 i\u0161bandyti tapyb\u0105, susipa\u017einti su studija ir pasijusti k\u016br\u0117ju be ilgalaiki\u0173 \u012fsipareigojim\u0173 tapybos ir dail\u0117s studijoje Vilniuje.","og_url":"https:\/\/albinosas.lt\/en\/product\/vienkartine-pamoka\/","og_site_name":"albinosas.lt","article_publisher":"https:\/\/www.facebook.com\/profile.php?id=61578623573228","article_modified_time":"2026-05-11T16:20:20+00:00","og_image":[{"width":2560,"height":1017,"url":"https:\/\/albinosas.lt\/wp-content\/uploads\/2025\/12\/8N2A8870-Pano-foto-Eimantas-Paulauskas-scaled.jpg","type":"image\/jpeg"}],"twitter_card":"summary_large_image","twitter_misc":{"Estimated reading time":"1 minute"},"schema":{"@context":"https:\/\/schema.org","@graph":[{"@type":"WebPage","@id":"https:\/\/albinosas.lt\/product\/vienkartine-pamoka\/","url":"https:\/\/albinosas.lt\/product\/vienkartine-pamoka\/","name":"Vienkartin\u0117 pamoka dail\u0117s studijoje - albinosas.lt","isPartOf":{"@id":"https:\/\/albinosas.lt\/#website"},"primaryImageOfPage":{"@id":"https:\/\/albinosas.lt\/product\/vienkartine-pamoka\/#primaryimage"},"image":{"@id":"https:\/\/albinosas.lt\/product\/vienkartine-pamoka\/#primaryimage"},"thumbnailUrl":"https:\/\/albinosas.lt\/wp-content\/uploads\/2025\/12\/8N2A8870-Pano-foto-Eimantas-Paulauskas-scaled.jpg","datePublished":"2016-05-17T09:52:35+00:00","dateModified":"2026-05-11T16:20:20+00:00","description":"Puiki galimyb\u0117 i\u0161bandyti tapyb\u0105, susipa\u017einti su studija ir pasijusti k\u016br\u0117ju be ilgalaiki\u0173 \u012fsipareigojim\u0173 tapybos ir dail\u0117s studijoje Vilniuje.","breadcrumb":{"@id":"https:\/\/albinosas.lt\/product\/vienkartine-pamoka\/#breadcrumb"},"inLanguage":"en-GB","potentialAction":[{"@type":"ReadAction","target":["https:\/\/albinosas.lt\/product\/vienkartine-pamoka\/"]}]},{"@type":"ImageObject","inLanguage":"en-GB","@id":"https:\/\/albinosas.lt\/product\/vienkartine-pamoka\/#primaryimage","url":"https:\/\/albinosas.lt\/wp-content\/uploads\/2025\/12\/8N2A8870-Pano-foto-Eimantas-Paulauskas-scaled.jpg","contentUrl":"https:\/\/albinosas.lt\/wp-content\/uploads\/2025\/12\/8N2A8870-Pano-foto-Eimantas-Paulauskas-scaled.jpg","width":2560,"height":1017},{"@type":"BreadcrumbList","@id":"https:\/\/albinosas.lt\/product\/vienkartine-pamoka\/#breadcrumb","itemListElement":[{"@type":"ListItem","position":1,"name":"Home","item":"https:\/\/albinosas.lt\/"},{"@type":"ListItem","position":2,"name":"Parduotuv\u0117","item":"https:\/\/albinosas.lt\/parduotuve\/"},{"@type":"ListItem","position":3,"name":"Vienkartin\u0117 pamoka"}]},{"@type":"WebSite","@id":"https:\/\/albinosas.lt\/#website","url":"https:\/\/albinosas.lt\/","name":"albinosas.lt","description":"Tapybos studija Vilniuje - Alb1nosas","potentialAction":[{"@type":"SearchAction","target":{"@type":"EntryPoint","urlTemplate":"https:\/\/albinosas.lt\/?s={search_term_string}"},"query-input":{"@type":"PropertyValueSpecification","valueRequired":true,"valueName":"search_term_string"}}],"inLanguage":"en-GB"}]}},"_links":{"self":[{"href":"https:\/\/albinosas.lt\/en\/wp-json\/wp\/v2\/product\/2804","targetHints":{"allow":["GET"]}}],"collection":[{"href":"https:\/\/albinosas.lt\/en\/wp-json\/wp\/v2\/product"}],"about":[{"href":"https:\/\/albinosas.lt\/en\/wp-json\/wp\/v2\/types\/product"}],"wp:featuredmedia":[{"embeddable":true,"href":"https:\/\/albinosas.lt\/en\/wp-json\/wp\/v2\/media\/4607"}],"wp:attachment":[{"href":"https:\/\/albinosas.lt\/en\/wp-json\/wp\/v2\/media?parent=2804"}],"wp:term":[{"taxonomy":"product_brand","embeddable":true,"href":"https:\/\/albinosas.lt\/en\/wp-json\/wp\/v2\/product_brand?post=2804"},{"taxonomy":"product_cat","embeddable":true,"href":"https:\/\/albinosas.lt\/en\/wp-json\/wp\/v2\/product_cat?post=2804"},{"taxonomy":"product_tag","embeddable":true,"href":"https:\/\/albinosas.lt\/en\/wp-json\/wp\/v2\/product_tag?post=2804"}],"curies":[{"name":"wp","href":"https:\/\/api.w.org\/{rel}","templated":true}]}}