{"id":2803,"date":"2016-05-17T09:52:02","date_gmt":"2016-05-17T09:52:02","guid":{"rendered":"https:\/\/heli.thememove.com\/product\/plant-in-pot\/"},"modified":"2026-05-11T16:20:55","modified_gmt":"2026-05-11T16:20:55","slug":"abonementas-1k-sav","status":"publish","type":"product","link":"https:\/\/albinosas.lt\/en\/product\/abonementas-1k-sav\/","title":{"rendered":"Subscription 1time\/week"},"content":{"rendered":"<p>Pamokos trukm\u0117: 2.5val.<\/p>\n<p>Reguliarios savaitin\u0117s tapybos pamokos, skirtos nuolatiniam technik\u0173 tobulinimui ir k\u016brybiniam progresui. Nurodyta kaina yra per m\u0117nes\u012f.<\/p>\n<p><strong>Jokio papildomo mokes\u010dio u\u017e priemones!<\/strong><\/p>\n<p>The studio is innovative: projector, iPad tablets, interactive whiteboards, music player, headphones, printer, laminating machine, filming equipment.<\/p>\n<p>High-quality, proven, highest quality tools.<\/p>\n<p>Free snacks and drinks.<\/p>","protected":false},"excerpt":{"rendered":"<p>Reguliarios savaitin\u0117s tapybos pamokos, skirtos nuolatiniam technik\u0173 tobulinimui ir k\u016brybiniam progresui. Nurodyta kaina yra per m\u0117nes\u012f.<\/p>","protected":false},"featured_media":4599,"template":"","meta":[],"product_brand":[],"product_cat":[30],"product_tag":[],"class_list":{"0":"post-2803","1":"product","2":"type-product","3":"status-publish","4":"has-post-thumbnail","6":"product_cat-tapybos-studija-vilniuje","8":"first","9":"instock","10":"virtual","11":"purchasable","12":"product-type-simple"},"yoast_head":"<!-- This site is optimized with the Yoast SEO plugin v27.5 - https:\/\/yoast.com\/product\/yoast-seo-wordpress\/ -->\n<title>Abonementas 1k.\/sav dail\u0117s studijoje Vilniuje - albinosas.lt<\/title>\n<meta name=\"description\" content=\"Reguliarios savaitin\u0117s tapybos pamokos, skirtos nuolatiniam technik\u0173 tobulinimui ir k\u016brybiniam progresui. Nurodyta kaina yra per m\u0117nes\u012f.\" \/>\n<meta name=\"robots\" content=\"index, follow, max-snippet:-1, max-image-preview:large, max-video-preview:-1\" \/>\n<link rel=\"canonical\" href=\"https:\/\/albinosas.lt\/en\/product\/abonementas-1k-sav\/\" \/>\n<meta property=\"og:locale\" content=\"en_GB\" \/>\n<meta property=\"og:type\" content=\"article\" \/>\n<meta property=\"og:title\" content=\"Abonementas 1k.\/sav dail\u0117s studijoje Vilniuje - albinosas.lt\" \/>\n<meta property=\"og:description\" content=\"Reguliarios savaitin\u0117s tapybos pamokos, skirtos nuolatiniam technik\u0173 tobulinimui ir k\u016brybiniam progresui. Nurodyta kaina yra per m\u0117nes\u012f.\" \/>\n<meta property=\"og:url\" content=\"https:\/\/albinosas.lt\/en\/product\/abonementas-1k-sav\/\" \/>\n<meta property=\"og:site_name\" content=\"albinosas.lt\" \/>\n<meta property=\"article:publisher\" content=\"https:\/\/www.facebook.com\/profile.php?id=61578623573228\" \/>\n<meta property=\"article:modified_time\" content=\"2026-05-11T16:20:55+00:00\" \/>\n<meta property=\"og:image\" content=\"https:\/\/albinosas.lt\/wp-content\/uploads\/2025\/12\/8N2A8851-foto-Eimantas-Paulauskas-scaled.jpg\" \/>\n\t<meta property=\"og:image:width\" content=\"2560\" \/>\n\t<meta property=\"og:image:height\" content=\"1707\" \/>\n\t<meta property=\"og:image:type\" content=\"image\/jpeg\" \/>\n<meta name=\"twitter:card\" content=\"summary_large_image\" \/>\n<meta name=\"twitter:label1\" content=\"Estimated reading time\" \/>\n\t<meta name=\"twitter:data1\" content=\"1 minute\" \/>\n<script type=\"application\/ld+json\" class=\"yoast-schema-graph\">{\"@context\":\"https:\\\/\\\/schema.org\",\"@graph\":[{\"@type\":\"WebPage\",\"@id\":\"https:\\\/\\\/albinosas.lt\\\/product\\\/abonementas-1k-sav\\\/\",\"url\":\"https:\\\/\\\/albinosas.lt\\\/product\\\/abonementas-1k-sav\\\/\",\"name\":\"Abonementas 1k.\\\/sav dail\u0117s studijoje Vilniuje - albinosas.lt\",\"isPartOf\":{\"@id\":\"https:\\\/\\\/albinosas.lt\\\/#website\"},\"primaryImageOfPage\":{\"@id\":\"https:\\\/\\\/albinosas.lt\\\/product\\\/abonementas-1k-sav\\\/#primaryimage\"},\"image\":{\"@id\":\"https:\\\/\\\/albinosas.lt\\\/product\\\/abonementas-1k-sav\\\/#primaryimage\"},\"thumbnailUrl\":\"https:\\\/\\\/albinosas.lt\\\/wp-content\\\/uploads\\\/2025\\\/12\\\/8N2A8851-foto-Eimantas-Paulauskas-scaled.jpg\",\"datePublished\":\"2016-05-17T09:52:02+00:00\",\"dateModified\":\"2026-05-11T16:20:55+00:00\",\"description\":\"Reguliarios savaitin\u0117s tapybos pamokos, skirtos nuolatiniam technik\u0173 tobulinimui ir k\u016brybiniam progresui. Nurodyta kaina yra per m\u0117nes\u012f.\",\"breadcrumb\":{\"@id\":\"https:\\\/\\\/albinosas.lt\\\/product\\\/abonementas-1k-sav\\\/#breadcrumb\"},\"inLanguage\":\"en-GB\",\"potentialAction\":[{\"@type\":\"ReadAction\",\"target\":[\"https:\\\/\\\/albinosas.lt\\\/product\\\/abonementas-1k-sav\\\/\"]}]},{\"@type\":\"ImageObject\",\"inLanguage\":\"en-GB\",\"@id\":\"https:\\\/\\\/albinosas.lt\\\/product\\\/abonementas-1k-sav\\\/#primaryimage\",\"url\":\"https:\\\/\\\/albinosas.lt\\\/wp-content\\\/uploads\\\/2025\\\/12\\\/8N2A8851-foto-Eimantas-Paulauskas-scaled.jpg\",\"contentUrl\":\"https:\\\/\\\/albinosas.lt\\\/wp-content\\\/uploads\\\/2025\\\/12\\\/8N2A8851-foto-Eimantas-Paulauskas-scaled.jpg\",\"width\":2560,\"height\":1707},{\"@type\":\"BreadcrumbList\",\"@id\":\"https:\\\/\\\/albinosas.lt\\\/product\\\/abonementas-1k-sav\\\/#breadcrumb\",\"itemListElement\":[{\"@type\":\"ListItem\",\"position\":1,\"name\":\"Home\",\"item\":\"https:\\\/\\\/albinosas.lt\\\/\"},{\"@type\":\"ListItem\",\"position\":2,\"name\":\"Parduotuv\u0117\",\"item\":\"https:\\\/\\\/albinosas.lt\\\/parduotuve\\\/\"},{\"@type\":\"ListItem\",\"position\":3,\"name\":\"Abonementas 1k.\\\/sav\"}]},{\"@type\":\"WebSite\",\"@id\":\"https:\\\/\\\/albinosas.lt\\\/#website\",\"url\":\"https:\\\/\\\/albinosas.lt\\\/\",\"name\":\"albinosas.lt\",\"description\":\"Tapybos studija Vilniuje - Alb1nosas\",\"potentialAction\":[{\"@type\":\"SearchAction\",\"target\":{\"@type\":\"EntryPoint\",\"urlTemplate\":\"https:\\\/\\\/albinosas.lt\\\/?s={search_term_string}\"},\"query-input\":{\"@type\":\"PropertyValueSpecification\",\"valueRequired\":true,\"valueName\":\"search_term_string\"}}],\"inLanguage\":\"en-GB\"}]}<\/script>\n<!-- \/ Yoast SEO plugin. -->","yoast_head_json":{"title":"Abonementas 1k.\/sav dail\u0117s studijoje Vilniuje - albinosas.lt","description":"Reguliarios savaitin\u0117s tapybos pamokos, skirtos nuolatiniam technik\u0173 tobulinimui ir k\u016brybiniam progresui. Nurodyta kaina yra per m\u0117nes\u012f.","robots":{"index":"index","follow":"follow","max-snippet":"max-snippet:-1","max-image-preview":"max-image-preview:large","max-video-preview":"max-video-preview:-1"},"canonical":"https:\/\/albinosas.lt\/en\/product\/abonementas-1k-sav\/","og_locale":"en_GB","og_type":"article","og_title":"Abonementas 1k.\/sav dail\u0117s studijoje Vilniuje - albinosas.lt","og_description":"Reguliarios savaitin\u0117s tapybos pamokos, skirtos nuolatiniam technik\u0173 tobulinimui ir k\u016brybiniam progresui. Nurodyta kaina yra per m\u0117nes\u012f.","og_url":"https:\/\/albinosas.lt\/en\/product\/abonementas-1k-sav\/","og_site_name":"albinosas.lt","article_publisher":"https:\/\/www.facebook.com\/profile.php?id=61578623573228","article_modified_time":"2026-05-11T16:20:55+00:00","og_image":[{"width":2560,"height":1707,"url":"https:\/\/albinosas.lt\/wp-content\/uploads\/2025\/12\/8N2A8851-foto-Eimantas-Paulauskas-scaled.jpg","type":"image\/jpeg"}],"twitter_card":"summary_large_image","twitter_misc":{"Estimated reading time":"1 minute"},"schema":{"@context":"https:\/\/schema.org","@graph":[{"@type":"WebPage","@id":"https:\/\/albinosas.lt\/product\/abonementas-1k-sav\/","url":"https:\/\/albinosas.lt\/product\/abonementas-1k-sav\/","name":"Abonementas 1k.\/sav dail\u0117s studijoje Vilniuje - albinosas.lt","isPartOf":{"@id":"https:\/\/albinosas.lt\/#website"},"primaryImageOfPage":{"@id":"https:\/\/albinosas.lt\/product\/abonementas-1k-sav\/#primaryimage"},"image":{"@id":"https:\/\/albinosas.lt\/product\/abonementas-1k-sav\/#primaryimage"},"thumbnailUrl":"https:\/\/albinosas.lt\/wp-content\/uploads\/2025\/12\/8N2A8851-foto-Eimantas-Paulauskas-scaled.jpg","datePublished":"2016-05-17T09:52:02+00:00","dateModified":"2026-05-11T16:20:55+00:00","description":"Reguliarios savaitin\u0117s tapybos pamokos, skirtos nuolatiniam technik\u0173 tobulinimui ir k\u016brybiniam progresui. Nurodyta kaina yra per m\u0117nes\u012f.","breadcrumb":{"@id":"https:\/\/albinosas.lt\/product\/abonementas-1k-sav\/#breadcrumb"},"inLanguage":"en-GB","potentialAction":[{"@type":"ReadAction","target":["https:\/\/albinosas.lt\/product\/abonementas-1k-sav\/"]}]},{"@type":"ImageObject","inLanguage":"en-GB","@id":"https:\/\/albinosas.lt\/product\/abonementas-1k-sav\/#primaryimage","url":"https:\/\/albinosas.lt\/wp-content\/uploads\/2025\/12\/8N2A8851-foto-Eimantas-Paulauskas-scaled.jpg","contentUrl":"https:\/\/albinosas.lt\/wp-content\/uploads\/2025\/12\/8N2A8851-foto-Eimantas-Paulauskas-scaled.jpg","width":2560,"height":1707},{"@type":"BreadcrumbList","@id":"https:\/\/albinosas.lt\/product\/abonementas-1k-sav\/#breadcrumb","itemListElement":[{"@type":"ListItem","position":1,"name":"Home","item":"https:\/\/albinosas.lt\/"},{"@type":"ListItem","position":2,"name":"Parduotuv\u0117","item":"https:\/\/albinosas.lt\/parduotuve\/"},{"@type":"ListItem","position":3,"name":"Abonementas 1k.\/sav"}]},{"@type":"WebSite","@id":"https:\/\/albinosas.lt\/#website","url":"https:\/\/albinosas.lt\/","name":"albinosas.lt","description":"Tapybos studija Vilniuje - Alb1nosas","potentialAction":[{"@type":"SearchAction","target":{"@type":"EntryPoint","urlTemplate":"https:\/\/albinosas.lt\/?s={search_term_string}"},"query-input":{"@type":"PropertyValueSpecification","valueRequired":true,"valueName":"search_term_string"}}],"inLanguage":"en-GB"}]}},"_links":{"self":[{"href":"https:\/\/albinosas.lt\/en\/wp-json\/wp\/v2\/product\/2803","targetHints":{"allow":["GET"]}}],"collection":[{"href":"https:\/\/albinosas.lt\/en\/wp-json\/wp\/v2\/product"}],"about":[{"href":"https:\/\/albinosas.lt\/en\/wp-json\/wp\/v2\/types\/product"}],"wp:featuredmedia":[{"embeddable":true,"href":"https:\/\/albinosas.lt\/en\/wp-json\/wp\/v2\/media\/4599"}],"wp:attachment":[{"href":"https:\/\/albinosas.lt\/en\/wp-json\/wp\/v2\/media?parent=2803"}],"wp:term":[{"taxonomy":"product_brand","embeddable":true,"href":"https:\/\/albinosas.lt\/en\/wp-json\/wp\/v2\/product_brand?post=2803"},{"taxonomy":"product_cat","embeddable":true,"href":"https:\/\/albinosas.lt\/en\/wp-json\/wp\/v2\/product_cat?post=2803"},{"taxonomy":"product_tag","embeddable":true,"href":"https:\/\/albinosas.lt\/en\/wp-json\/wp\/v2\/product_tag?post=2803"}],"curies":[{"name":"wp","href":"https:\/\/api.w.org\/{rel}","templated":true}]}}