{"id":71,"date":"2015-09-08T03:49:10","date_gmt":"2015-09-08T03:49:10","guid":{"rendered":"https:\/\/heli.thememove.com\/?page_id=71"},"modified":"2026-01-12T19:38:38","modified_gmt":"2026-01-12T19:38:38","slug":"kontaktai","status":"publish","type":"page","link":"https:\/\/albinosas.lt\/en\/kontaktai\/","title":{"rendered":"Contact"},"content":{"rendered":"<div class=\"wpb-content-wrapper\"><div class=\"vc_row wpb_row vc_row-fluid heli-contact vc_custom_1443498336239\"><div class=\"wpb_column vc_column_container vc_col-sm-12 vc_col-md-4 vc_col-xs-12\"><div class=\"vc_column-inner\"><div class=\"wpb_wrapper\"><div\n\tclass=\"vc_icon_element vc_icon_element-outer  vc_icon_element-align-left\">\n\t<div\n\t\tclass=\"vc_icon_element-inner  vc_icon_element-style-\"\n\t\tstyle=\"background-color:;color:#222222;\"><span\n\t\t\tclass=\"vc_icon_element-icon pe-7s-phone\" style=\"font-size:43px\"><\/span>\t<\/div>\n<\/div>\n<h2 style=\"font-size: 24px;color: #222222;text-align: left;text-transform: none;letter-spacing: normal\" class=\"vc_custom_heading vc_custom_1766306988179\"><a href=\"tel:062873177\">(0-628) 73177<\/a><\/h2><\/div><\/div><\/div><div class=\"wpb_column vc_column_container vc_col-sm-12 vc_col-md-4 vc_col-xs-12\"><div class=\"vc_column-inner\"><div class=\"wpb_wrapper\"><div\n\tclass=\"vc_icon_element vc_icon_element-outer  vc_icon_element-align-left\">\n\t<div\n\t\tclass=\"vc_icon_element-inner  vc_icon_element-style-\"\n\t\tstyle=\"background-color:;color:#222222;\"><span\n\t\t\tclass=\"vc_icon_element-icon pe-7s-map-2\" style=\"font-size:43px\"><\/span>\t<\/div>\n<\/div>\n<h2 style=\"font-size: 24px;color: #222222;text-align: left;text-transform: none;letter-spacing: normal\" class=\"vc_custom_heading vc_custom_1766307017383\">Ka\u0161ton\u0173 g. 2, Vilnius<\/h2><\/div><\/div><\/div><div class=\"wpb_column vc_column_container vc_col-sm-12 vc_col-lg-4 vc_col-md-4 vc_col-xs-12\"><div class=\"vc_column-inner\"><div class=\"wpb_wrapper\"><div\n\tclass=\"vc_icon_element vc_icon_element-outer  vc_icon_element-align-left\">\n\t<div\n\t\tclass=\"vc_icon_element-inner  vc_icon_element-style-\"\n\t\tstyle=\"background-color:;color:#222222;\"><span\n\t\t\tclass=\"vc_icon_element-icon pe-7s-mail-open-file\" style=\"font-size:43px\"><\/span>\t<\/div>\n<\/div>\n<h2 style=\"font-size: 24px;color: #222222;text-align: left;text-transform: none;letter-spacing: normal\" class=\"vc_custom_heading vc_custom_1766307034978\"><a href=\"email:alb1nosas.tapyba@gmail.com\">alb1nosas.tapyba@gmail.com<\/a><\/h2><\/div><\/div><\/div><\/div><div class=\"vc_row wpb_row vc_row-fluid heli-contact vc_custom_1443498336239\"><div class=\"wpb_column vc_column_container vc_col-sm-12 vc_col-md-4 vc_col-xs-12\"><div class=\"vc_column-inner\"><div class=\"wpb_wrapper\"><div\n\tclass=\"vc_icon_element vc_icon_element-outer  vc_icon_element-align-left\">\n\t<div\n\t\tclass=\"vc_icon_element-inner  vc_icon_element-style-\"\n\t\tstyle=\"background-color:;color:#222222;\"><span\n\t\t\tclass=\"vc_icon_element-icon fa fa-brands fa-instagram\" style=\"font-size:43px\"><\/span>\t<\/div>\n<\/div>\n<h2 style=\"font-size: 24px;color: #222222;text-align: left;text-transform: none;letter-spacing: normal\" class=\"vc_custom_heading vc_custom_1766521445483\"><a href=\"https:\/\/www.instagram.com\/alb1nosas\/\">Alb1nosas<\/a><\/h2><\/div><\/div><\/div><div class=\"wpb_column vc_column_container vc_col-sm-12 vc_col-md-4 vc_col-xs-12\"><div class=\"vc_column-inner\"><div class=\"wpb_wrapper\"><div\n\tclass=\"vc_icon_element vc_icon_element-outer  vc_icon_element-align-left\">\n\t<div\n\t\tclass=\"vc_icon_element-inner  vc_icon_element-style-\"\n\t\tstyle=\"background-color:;color:#222222;\"><span\n\t\t\tclass=\"vc_icon_element-icon fa fa-brands fa-square-facebook\" style=\"font-size:43px\"><\/span>\t<\/div>\n<\/div>\n<h2 style=\"font-size: 24px;color: #222222;text-align: left;text-transform: none;letter-spacing: normal\" class=\"vc_custom_heading vc_custom_1766521442017\"><a href=\"https:\/\/www.facebook.com\/people\/Alb1nosas\/61578623573228\/\">Facebook: Alb1nosas<\/a><\/h2><\/div><\/div><\/div><div class=\"wpb_column vc_column_container vc_col-sm-12 vc_col-lg-4 vc_col-md-4 vc_col-xs-12\"><div class=\"vc_column-inner\"><div class=\"wpb_wrapper\"><\/div><\/div><\/div><\/div><div data-vc-full-width=\"true\" data-vc-full-width-init=\"false\" data-vc-stretch-content=\"true\" class=\"vc_row wpb_row vc_row-fluid vc_row-no-padding\"><div class=\"wpb_column vc_column_container vc_col-sm-12\"><div class=\"vc_column-inner\"><div class=\"wpb_wrapper\">\n\t<div class=\"wpb_raw_code wpb_raw_html wpb_content_element\" >\n\t\t<div class=\"wpb_wrapper\">\n\t\t\t<iframe src=\"https:\/\/www.google.com\/maps\/embed?pb=!1m18!1m12!1m3!1d2306.1309474478585!2d25.270363912921315!3d54.68972327259543!2m3!1f0!2f0!3f0!3m2!1i1024!2i768!4f13.1!3m3!1m2!1s0x46dd95bd3fb37b4d%3A0x500569ad74e4da04!2sAlb1nosas!5e0!3m2!1sen!2slv!4v1766307204456!5m2!1sen!2slv\" style=\"width:100%;\" height=\"450\" allowfullscreen=\"\" loading=\"lazy\" referrerpolicy=\"no-referrer-when-downgrade\"><\/iframe>\n\t\t<\/div>\n\t<\/div>\n<\/div><\/div><\/div><\/div><div class=\"vc_row-full-width vc_clearfix\"><\/div><div data-vc-full-width=\"true\" data-vc-full-width-init=\"false\" class=\"vc_row wpb_row vc_row-fluid heli-contact-2 vc_custom_1765105282798 vc_row-has-fill vc_row-o-content-middle vc_row-flex\"><div class=\"wpb_column vc_column_container vc_col-sm-5\"><div class=\"vc_column-inner\"><div class=\"wpb_wrapper\"><div style=\"font-size: 16px;color: #ffffff;line-height: 1;text-align: left;font-weight: 400;text-transform: uppercase;letter-spacing: 1em\" class=\"vc_custom_heading vc_custom_1765105019403\">Follow us<\/div><div class=\"vc_row wpb_row vc_inner vc_row-fluid heli-social-group-02 vc_custom_1465211522147\"><div class=\"wpb_column vc_column_container vc_col-sm-12\"><div class=\"vc_column-inner\"><div class=\"wpb_wrapper\"><div style=\"font-size: 18px;color: #ffffff;line-height: 1;text-align: left;font-weight: 800;text-transform: uppercase;letter-spacing: 0.12em\" class=\"vc_custom_heading icon facebook vc_custom_1765105187251\"><a href=\"https:\/\/www.facebook.com\/profile.php?id=61578623573228\" target=\"_blank\">FACEBOOK<\/a><\/div><div style=\"font-size: 18px;color: #ffffff;line-height: 1;text-align: left;font-weight: 800;text-transform: uppercase;letter-spacing: 0.12em\" class=\"vc_custom_heading icon instagram\"><a href=\"https:\/\/www.instagram.com\/alb1nosas\/\" target=\"_blank\">INSTAGRAM<\/a><\/div><\/div><\/div><\/div><\/div><\/div><\/div><\/div><div class=\"padding-left-lg-50 black wpb_column vc_column_container vc_col-sm-7\"><div class=\"vc_column-inner\"><div class=\"wpb_wrapper\"><div style=\"font-size: 36px;color: #ffffff;line-height: 1;text-align: left;font-weight: 800;text-transform: uppercase;letter-spacing: 0.12em\" class=\"vc_custom_heading vc_custom_1765105147361\">Write a message<\/div>\n<div class=\"wpcf7 no-js\" id=\"wpcf7-f2932-o1\" lang=\"en-US\" dir=\"ltr\" data-wpcf7-id=\"2932\">\n<div class=\"screen-reader-response\"><p role=\"status\" aria-live=\"polite\" aria-atomic=\"true\"><\/p> <ul><\/ul><\/div>\n<form action=\"\/en\/wp-json\/wp\/v2\/pages\/71#wpcf7-f2932-o1\" method=\"post\" class=\"wpcf7-form init demo\" aria-label=\"Contact form\" novalidate=\"novalidate\" data-status=\"init\" data-trp-original-action=\"\/en\/wp-json\/wp\/v2\/pages\/71#wpcf7-f2932-o1\">\n<fieldset class=\"hidden-fields-container\"><input type=\"hidden\" name=\"_wpcf7\" value=\"2932\" \/><input type=\"hidden\" name=\"_wpcf7_version\" value=\"6.1.5\" \/><input type=\"hidden\" name=\"_wpcf7_locale\" value=\"en_US\" \/><input type=\"hidden\" name=\"_wpcf7_unit_tag\" value=\"wpcf7-f2932-o1\" \/><input type=\"hidden\" name=\"_wpcf7_container_post\" value=\"0\" \/><input type=\"hidden\" name=\"_wpcf7_posted_data_hash\" value=\"\" \/>\n<\/fieldset>\n<div class=\"form1\">\n\t<div class=\"row\">\n\t\t<div class=\"col-md-6\">\n\t\t\t<p><span class=\"wpcf7-form-control-wrap\" data-name=\"your-name\"><input size=\"40\" maxlength=\"400\" class=\"wpcf7-form-control wpcf7-text wpcf7-validates-as-required\" aria-required=\"true\" aria-invalid=\"false\" placeholder=\"Name\" value=\"\" type=\"text\" name=\"your-name\" \/><\/span>\n\t\t\t<\/p>\n\t\t<\/div>\n\t\t<div class=\"col-md-6\">\n\t\t\t<p><span class=\"wpcf7-form-control-wrap\" data-name=\"your-email\"><input size=\"40\" maxlength=\"400\" class=\"wpcf7-form-control wpcf7-email wpcf7-validates-as-required wpcf7-text wpcf7-validates-as-email\" aria-required=\"true\" aria-invalid=\"false\" placeholder=\"Email address\" value=\"\" type=\"email\" name=\"your-email\" \/><\/span>\n\t\t\t<\/p>\n\t\t<\/div>\n\t\t<div class=\"col-md-12\">\n\t\t\t<p><span class=\"wpcf7-form-control-wrap\" data-name=\"your-message\"><textarea cols=\"40\" rows=\"10\" maxlength=\"2000\" class=\"wpcf7-form-control wpcf7-textarea\" aria-invalid=\"false\" placeholder=\"Message to\" name=\"your-message\"><\/textarea><\/span>\n\t\t\t<\/p>\n\t\t<\/div>\n\t\t<div class=\"col-md-12\">\n\t\t\t<p><input class=\"wpcf7-form-control wpcf7-submit has-spinner\" type=\"submit\" value=\"Contact\" \/>\n\t\t\t<\/p>\n\t\t<\/div>\n\t<\/div>\n<\/div><div class=\"wpcf7-response-output\" aria-hidden=\"true\"><\/div>\n<input type=\"hidden\" name=\"trp-form-language\" value=\"en\"\/><\/form>\n<\/div>\n<\/div><\/div><\/div><\/div><div class=\"vc_row-full-width vc_clearfix\"><\/div>\n<\/div>","protected":false},"excerpt":{"rendered":"(0-628) 73177 Ka\u0161ton\u0173 g. 2, Vilnius alb1nosas.tapyba@gmail.com Alb1nosas Facebook: Alb1nosas DRAUGAUKIMEFACEBOOKINSTAGRAMPARA\u0160YKITE","protected":false},"author":3,"featured_media":0,"parent":0,"menu_order":0,"comment_status":"closed","ping_status":"closed","template":"","meta":{"footnotes":""},"class_list":["post-71","page","type-page","status-publish","hentry"],"yoast_head":"<!-- This site is optimized with the Yoast SEO plugin v27.5 - https:\/\/yoast.com\/product\/yoast-seo-wordpress\/ -->\n<title>Kontaktai - albinosas.lt<\/title>\n<meta name=\"description\" content=\"Susisiekite su mumis betkokiu klausimu ir stengsim\u0117s Jum pad\u0117ti kuom tik galime! Dail\u0117s studija Albinosas Vilniuje.\" \/>\n<meta name=\"robots\" content=\"index, follow, max-snippet:-1, max-image-preview:large, max-video-preview:-1\" \/>\n<link rel=\"canonical\" href=\"https:\/\/albinosas.lt\/en\/kontaktai\/\" \/>\n<meta property=\"og:locale\" content=\"en_GB\" \/>\n<meta property=\"og:type\" content=\"article\" \/>\n<meta property=\"og:title\" content=\"Kontaktai - albinosas.lt\" \/>\n<meta property=\"og:description\" content=\"Susisiekite su mumis betkokiu klausimu ir stengsim\u0117s Jum pad\u0117ti kuom tik galime! Dail\u0117s studija Albinosas Vilniuje.\" \/>\n<meta property=\"og:url\" content=\"https:\/\/albinosas.lt\/en\/kontaktai\/\" \/>\n<meta property=\"og:site_name\" content=\"albinosas.lt\" \/>\n<meta property=\"article:publisher\" content=\"https:\/\/www.facebook.com\/profile.php?id=61578623573228\" \/>\n<meta property=\"article:modified_time\" content=\"2026-01-12T19:38:38+00:00\" \/>\n<meta name=\"twitter:card\" content=\"summary_large_image\" \/>\n<meta name=\"twitter:label1\" content=\"Estimated reading time\" \/>\n\t<meta name=\"twitter:data1\" content=\"1 minute\" \/>\n<script type=\"application\/ld+json\" class=\"yoast-schema-graph\">{\"@context\":\"https:\\\/\\\/schema.org\",\"@graph\":[{\"@type\":\"WebPage\",\"@id\":\"https:\\\/\\\/albinosas.lt\\\/kontaktai\\\/\",\"url\":\"https:\\\/\\\/albinosas.lt\\\/kontaktai\\\/\",\"name\":\"Kontaktai - albinosas.lt\",\"isPartOf\":{\"@id\":\"https:\\\/\\\/albinosas.lt\\\/#website\"},\"datePublished\":\"2015-09-08T03:49:10+00:00\",\"dateModified\":\"2026-01-12T19:38:38+00:00\",\"description\":\"Susisiekite su mumis betkokiu klausimu ir stengsim\u0117s Jum pad\u0117ti kuom tik galime! Dail\u0117s studija Albinosas Vilniuje.\",\"breadcrumb\":{\"@id\":\"https:\\\/\\\/albinosas.lt\\\/kontaktai\\\/#breadcrumb\"},\"inLanguage\":\"en-GB\",\"potentialAction\":[{\"@type\":\"ReadAction\",\"target\":[\"https:\\\/\\\/albinosas.lt\\\/kontaktai\\\/\"]}]},{\"@type\":\"BreadcrumbList\",\"@id\":\"https:\\\/\\\/albinosas.lt\\\/kontaktai\\\/#breadcrumb\",\"itemListElement\":[{\"@type\":\"ListItem\",\"position\":1,\"name\":\"Home\",\"item\":\"https:\\\/\\\/albinosas.lt\\\/\"},{\"@type\":\"ListItem\",\"position\":2,\"name\":\"Kontaktai\"}]},{\"@type\":\"WebSite\",\"@id\":\"https:\\\/\\\/albinosas.lt\\\/#website\",\"url\":\"https:\\\/\\\/albinosas.lt\\\/\",\"name\":\"albinosas.lt\",\"description\":\"Tapybos studija Vilniuje - Alb1nosas\",\"potentialAction\":[{\"@type\":\"SearchAction\",\"target\":{\"@type\":\"EntryPoint\",\"urlTemplate\":\"https:\\\/\\\/albinosas.lt\\\/?s={search_term_string}\"},\"query-input\":{\"@type\":\"PropertyValueSpecification\",\"valueRequired\":true,\"valueName\":\"search_term_string\"}}],\"inLanguage\":\"en-GB\"}]}<\/script>\n<!-- \/ Yoast SEO plugin. -->","yoast_head_json":{"title":"Kontaktai - albinosas.lt","description":"Susisiekite su mumis betkokiu klausimu ir stengsim\u0117s Jum pad\u0117ti kuom tik galime! Dail\u0117s studija Albinosas Vilniuje.","robots":{"index":"index","follow":"follow","max-snippet":"max-snippet:-1","max-image-preview":"max-image-preview:large","max-video-preview":"max-video-preview:-1"},"canonical":"https:\/\/albinosas.lt\/en\/kontaktai\/","og_locale":"en_GB","og_type":"article","og_title":"Kontaktai - albinosas.lt","og_description":"Susisiekite su mumis betkokiu klausimu ir stengsim\u0117s Jum pad\u0117ti kuom tik galime! Dail\u0117s studija Albinosas Vilniuje.","og_url":"https:\/\/albinosas.lt\/en\/kontaktai\/","og_site_name":"albinosas.lt","article_publisher":"https:\/\/www.facebook.com\/profile.php?id=61578623573228","article_modified_time":"2026-01-12T19:38:38+00:00","twitter_card":"summary_large_image","twitter_misc":{"Estimated reading time":"1 minute"},"schema":{"@context":"https:\/\/schema.org","@graph":[{"@type":"WebPage","@id":"https:\/\/albinosas.lt\/kontaktai\/","url":"https:\/\/albinosas.lt\/kontaktai\/","name":"Kontaktai - albinosas.lt","isPartOf":{"@id":"https:\/\/albinosas.lt\/#website"},"datePublished":"2015-09-08T03:49:10+00:00","dateModified":"2026-01-12T19:38:38+00:00","description":"Susisiekite su mumis betkokiu klausimu ir stengsim\u0117s Jum pad\u0117ti kuom tik galime! Dail\u0117s studija Albinosas Vilniuje.","breadcrumb":{"@id":"https:\/\/albinosas.lt\/kontaktai\/#breadcrumb"},"inLanguage":"en-GB","potentialAction":[{"@type":"ReadAction","target":["https:\/\/albinosas.lt\/kontaktai\/"]}]},{"@type":"BreadcrumbList","@id":"https:\/\/albinosas.lt\/kontaktai\/#breadcrumb","itemListElement":[{"@type":"ListItem","position":1,"name":"Home","item":"https:\/\/albinosas.lt\/"},{"@type":"ListItem","position":2,"name":"Kontaktai"}]},{"@type":"WebSite","@id":"https:\/\/albinosas.lt\/#website","url":"https:\/\/albinosas.lt\/","name":"albinosas.lt","description":"Tapybos studija Vilniuje - Alb1nosas","potentialAction":[{"@type":"SearchAction","target":{"@type":"EntryPoint","urlTemplate":"https:\/\/albinosas.lt\/?s={search_term_string}"},"query-input":{"@type":"PropertyValueSpecification","valueRequired":true,"valueName":"search_term_string"}}],"inLanguage":"en-GB"}]}},"_hostinger_reach_plugin_has_subscription_block":false,"_hostinger_reach_plugin_is_elementor":false,"_links":{"self":[{"href":"https:\/\/albinosas.lt\/en\/wp-json\/wp\/v2\/pages\/71","targetHints":{"allow":["GET"]}}],"collection":[{"href":"https:\/\/albinosas.lt\/en\/wp-json\/wp\/v2\/pages"}],"about":[{"href":"https:\/\/albinosas.lt\/en\/wp-json\/wp\/v2\/types\/page"}],"author":[{"embeddable":true,"href":"https:\/\/albinosas.lt\/en\/wp-json\/wp\/v2\/users\/3"}],"replies":[{"embeddable":true,"href":"https:\/\/albinosas.lt\/en\/wp-json\/wp\/v2\/comments?post=71"}],"version-history":[{"count":8,"href":"https:\/\/albinosas.lt\/en\/wp-json\/wp\/v2\/pages\/71\/revisions"}],"predecessor-version":[{"id":4726,"href":"https:\/\/albinosas.lt\/en\/wp-json\/wp\/v2\/pages\/71\/revisions\/4726"}],"wp:attachment":[{"href":"https:\/\/albinosas.lt\/en\/wp-json\/wp\/v2\/media?parent=71"}],"curies":[{"name":"wp","href":"https:\/\/api.w.org\/{rel}","templated":true}]}}