{"id":5012,"date":"2026-03-13T15:10:49","date_gmt":"2026-03-13T15:10:49","guid":{"rendered":"https:\/\/albinosas.lt\/?page_id=5012"},"modified":"2026-03-13T15:22:49","modified_gmt":"2026-03-13T15:22:49","slug":"vasaros-stovyklos","status":"publish","type":"page","link":"https:\/\/albinosas.lt\/en\/vasaros-stovyklos\/","title":{"rendered":"Vasaros stovyklos"},"content":{"rendered":"<div class=\"wpb-content-wrapper\"><div class=\"vc_row wpb_row vc_row-fluid\"><div class=\"wpb_column vc_column_container vc_col-sm-6\"><div class=\"vc_column-inner\"><div class=\"wpb_wrapper\">\n\t<div class=\"wpb_text_column wpb_content_element\" >\n\t\t<div class=\"wpb_wrapper\">\n\t\t\t<p><span class=\"x193iq5w xeuugli x13faqbe x1vvkbs xlh3980 xvmahel x1n0sxbx x1lliihq x1s928wv xhkezso x1gmr53x x1cpjm7i x1fgarty x1943h6x xudqn12 x3x7a5m x6prxxf xvq8zen xo1l8bm xzsf02u\" dir=\"auto\">Kvie\u010diame vaikus ir jaunim\u0105 \u012f k\u016brybines dienos stovyklas, kuriose susipa\u017einsime su meno pagrindais, i\u0161bandysime \u012fvairias pie\u0161imo ir tapybos technikas bei lavinsime k\u016brybin\u012f m\u0105stym\u0105. Stovykla skirta tiek pradedantiesiems, tiek jau pie\u0161imu besidomintiems jauniems k\u016br\u0117jams. Did\u017ei\u0105j\u0105 laiko dal\u012f praleisime u\u017e studijos rib\u0173 \u2013 steb\u0117sime aplink\u0105, kursime gamtoje ir ie\u0161kosime \u012fkv\u0117pimo realioje aplinkoje. Tai ne intensyvus vieno paveikslo k\u016brimas po kito, o platesn\u0117 k\u016brybin\u0117 patirtis. Programoje taip pat numatyta did\u017eioji i\u0161vyka u\u017e miesto rib\u0173 \u2013 galimyb\u0117 patirti tai, ko \u012fprasta studija da\u017eniausiai pasi\u016blyti negali.<\/span><\/p>\n\n\t\t<\/div>\n\t<\/div>\n<div class=\"vc_empty_space\"   style=\"height: 32px\"><span class=\"vc_empty_space_inner\"><\/span><\/div><\/div><\/div><\/div><div class=\"wpb_column vc_column_container vc_col-sm-6\"><div class=\"vc_column-inner\"><div class=\"wpb_wrapper\">\n\t<div class=\"wpb_text_column wpb_content_element\" >\n\t\t<div class=\"wpb_wrapper\">\n\t\t\t<div role=\"none\">\n<div class=\"html-div xdj266r x14z9mp xat24cr x1lziwak xexx8yu xyri2b x18d9i69 x1c1uobl x6ikm8r x10wlt62\">\n<div class=\"html-div xdj266r x14z9mp xat24cr x1lziwak x14ctfv x13sv91t x6ikm8r x10wlt62 xerhiuh x1pn3fxy x10zy8in xm9bcq3 x1n2onr6 x1vjfegm x1k4qllp x1mzt3pk x88qbow x1jm4cbz x114wg8e xrrpcnn x14rx4xb x13fuv20 x18b5jzi x1q0q8m5 x1t7ytsu x19livfd x1h2krnu x3p3xfz xet2kk3 xaymx6s x1lu5o8o x1ou5ly4 xofb2d2\" role=\"presentation\">\n<div class=\"html-div xexx8yu xyri2b x18d9i69 x1c1uobl x1gslohp x14z9mp x12nagc x1lziwak x1yc453h x126k92a x18lvrbx\" dir=\"auto\">D\u0117l itin patogios m\u016bs\u0173 studijos lokacijos tur\u0117sime galimyb\u0119 aplankyti did\u017eiausias miesto bibliotekas, susipa\u017einti su teatro aplinka bei apsilankyti tatuiruo\u010di\u0173 studijoje. Tai leis dalyviams i\u0161 ar\u010diau pamatyti skirtingas k\u016brybos ir kult\u016bros formas bei prapl\u0117sti savo menin\u012f akirat\u012f.<\/div>\n<\/div>\n<\/div>\n<\/div>\n\n\t\t<\/div>\n\t<\/div>\n\n\t<div class=\"wpb_text_column wpb_content_element\" >\n\t\t<div class=\"wpb_wrapper\">\n\t\t\t<p><span class=\"x193iq5w xeuugli x13faqbe x1vvkbs xlh3980 xvmahel x1n0sxbx x1lliihq x1s928wv xhkezso x1gmr53x x1cpjm7i x1fgarty x1943h6x xudqn12 x3x7a5m x6prxxf xvq8zen xo1l8bm xzsf02u\" dir=\"auto\">Stovyklos grup\u0117se bus iki 10 vaik\u0173 &#8211; tai leid\u017eia skirti daugiau individualaus d\u0117mesio kiekvienam dalyviui.<\/span><\/p>\n\n\t\t<\/div>\n\t<\/div>\n<\/div><\/div><\/div><\/div><div class=\"vc_row wpb_row vc_row-fluid\"><div class=\"wpb_column vc_column_container vc_col-sm-12\"><div class=\"vc_column-inner\"><div class=\"wpb_wrapper\"><div class=\"vc_empty_space\"   style=\"height: 12px\"><span class=\"vc_empty_space_inner\"><\/span><\/div><\/div><\/div><\/div><\/div><div class=\"vc_row wpb_row vc_row-fluid\"><div class=\"wpb_column vc_column_container vc_col-sm-4\"><div class=\"vc_column-inner\"><div class=\"wpb_wrapper\">\n\t<div  class=\"wpb_single_image wpb_content_element vc_align_center wpb_content_element\">\n\t\t\n\t\t<figure class=\"wpb_wrapper vc_figure\">\n\t\t\t<a class=\"\" data-lightbox=\"lightbox[rel-5012-938690626]\" href=\"https:\/\/albinosas.lt\/wp-content\/uploads\/2026\/03\/D675C531-04BF-4F91-9533-EE04AF03E704-768x1024.jpg\" target=\"_self\" class=\"vc_single_image-wrapper   vc_box_border_grey\"><img loading=\"lazy\" decoding=\"async\" width=\"1440\" height=\"1920\" src=\"https:\/\/albinosas.lt\/wp-content\/uploads\/2026\/03\/D675C531-04BF-4F91-9533-EE04AF03E704.jpg\" class=\"vc_single_image-img attachment-full\" alt=\"\" title=\"D675C531-04BF-4F91-9533-EE04AF03E704\" srcset=\"https:\/\/albinosas.lt\/wp-content\/uploads\/2026\/03\/D675C531-04BF-4F91-9533-EE04AF03E704.jpg 1440w, https:\/\/albinosas.lt\/wp-content\/uploads\/2026\/03\/D675C531-04BF-4F91-9533-EE04AF03E704-225x300.jpg 225w, https:\/\/albinosas.lt\/wp-content\/uploads\/2026\/03\/D675C531-04BF-4F91-9533-EE04AF03E704-768x1024.jpg 768w, https:\/\/albinosas.lt\/wp-content\/uploads\/2026\/03\/D675C531-04BF-4F91-9533-EE04AF03E704-1152x1536.jpg 1152w, https:\/\/albinosas.lt\/wp-content\/uploads\/2026\/03\/D675C531-04BF-4F91-9533-EE04AF03E704-9x12.jpg 9w, https:\/\/albinosas.lt\/wp-content\/uploads\/2026\/03\/D675C531-04BF-4F91-9533-EE04AF03E704-600x800.jpg 600w\" sizes=\"auto, (max-width: 1440px) 100vw, 1440px\" \/><\/a>\n\t\t<\/figure>\n\t<\/div>\n<div class=\"vc_empty_space\"   style=\"height: 12px\"><span class=\"vc_empty_space_inner\"><\/span><\/div><\/div><\/div><\/div><div class=\"wpb_column vc_column_container vc_col-sm-4\"><div class=\"vc_column-inner\"><div class=\"wpb_wrapper\">\n\t<div  class=\"wpb_single_image wpb_content_element vc_align_center wpb_content_element\">\n\t\t\n\t\t<figure class=\"wpb_wrapper vc_figure\">\n\t\t\t<a class=\"\" data-lightbox=\"lightbox[rel-5012-2082694909]\" href=\"https:\/\/albinosas.lt\/wp-content\/uploads\/2026\/03\/F9574380-DAF3-4CB5-8192-9079DEBCE61E-768x1024.jpg\" target=\"_self\" class=\"vc_single_image-wrapper   vc_box_border_grey\"><img loading=\"lazy\" decoding=\"async\" width=\"1440\" height=\"1920\" src=\"https:\/\/albinosas.lt\/wp-content\/uploads\/2026\/03\/F9574380-DAF3-4CB5-8192-9079DEBCE61E.jpg\" class=\"vc_single_image-img attachment-full\" alt=\"\" title=\"F9574380-DAF3-4CB5-8192-9079DEBCE61E\" srcset=\"https:\/\/albinosas.lt\/wp-content\/uploads\/2026\/03\/F9574380-DAF3-4CB5-8192-9079DEBCE61E.jpg 1440w, https:\/\/albinosas.lt\/wp-content\/uploads\/2026\/03\/F9574380-DAF3-4CB5-8192-9079DEBCE61E-225x300.jpg 225w, https:\/\/albinosas.lt\/wp-content\/uploads\/2026\/03\/F9574380-DAF3-4CB5-8192-9079DEBCE61E-768x1024.jpg 768w, https:\/\/albinosas.lt\/wp-content\/uploads\/2026\/03\/F9574380-DAF3-4CB5-8192-9079DEBCE61E-1152x1536.jpg 1152w, https:\/\/albinosas.lt\/wp-content\/uploads\/2026\/03\/F9574380-DAF3-4CB5-8192-9079DEBCE61E-9x12.jpg 9w, https:\/\/albinosas.lt\/wp-content\/uploads\/2026\/03\/F9574380-DAF3-4CB5-8192-9079DEBCE61E-600x800.jpg 600w\" sizes=\"auto, (max-width: 1440px) 100vw, 1440px\" \/><\/a>\n\t\t<\/figure>\n\t<\/div>\n<div class=\"vc_empty_space\"   style=\"height: 12px\"><span class=\"vc_empty_space_inner\"><\/span><\/div><\/div><\/div><\/div><div class=\"wpb_column vc_column_container vc_col-sm-4\"><div class=\"vc_column-inner\"><div class=\"wpb_wrapper\">\n\t<div  class=\"wpb_single_image wpb_content_element vc_align_center wpb_content_element\">\n\t\t\n\t\t<figure class=\"wpb_wrapper vc_figure\">\n\t\t\t<a class=\"\" data-lightbox=\"lightbox[rel-5012-230344263]\" href=\"https:\/\/albinosas.lt\/wp-content\/uploads\/2026\/03\/13ADE5A8-08EC-4DD1-A64D-E5C7388B7367-768x1024.jpg\" target=\"_self\" class=\"vc_single_image-wrapper   vc_box_border_grey\"><img loading=\"lazy\" decoding=\"async\" width=\"1440\" height=\"1920\" src=\"https:\/\/albinosas.lt\/wp-content\/uploads\/2026\/03\/13ADE5A8-08EC-4DD1-A64D-E5C7388B7367.jpg\" class=\"vc_single_image-img attachment-full\" alt=\"\" title=\"13ADE5A8-08EC-4DD1-A64D-E5C7388B7367\" srcset=\"https:\/\/albinosas.lt\/wp-content\/uploads\/2026\/03\/13ADE5A8-08EC-4DD1-A64D-E5C7388B7367.jpg 1440w, https:\/\/albinosas.lt\/wp-content\/uploads\/2026\/03\/13ADE5A8-08EC-4DD1-A64D-E5C7388B7367-225x300.jpg 225w, https:\/\/albinosas.lt\/wp-content\/uploads\/2026\/03\/13ADE5A8-08EC-4DD1-A64D-E5C7388B7367-768x1024.jpg 768w, https:\/\/albinosas.lt\/wp-content\/uploads\/2026\/03\/13ADE5A8-08EC-4DD1-A64D-E5C7388B7367-1152x1536.jpg 1152w, https:\/\/albinosas.lt\/wp-content\/uploads\/2026\/03\/13ADE5A8-08EC-4DD1-A64D-E5C7388B7367-9x12.jpg 9w, https:\/\/albinosas.lt\/wp-content\/uploads\/2026\/03\/13ADE5A8-08EC-4DD1-A64D-E5C7388B7367-600x800.jpg 600w\" sizes=\"auto, (max-width: 1440px) 100vw, 1440px\" \/><\/a>\n\t\t<\/figure>\n\t<\/div>\n<div class=\"vc_empty_space\"   style=\"height: 12px\"><span class=\"vc_empty_space_inner\"><\/span><\/div><\/div><\/div><\/div><\/div><div class=\"vc_row wpb_row vc_row-fluid\"><div class=\"wpb_column vc_column_container vc_col-sm-12\"><div class=\"vc_column-inner\"><div class=\"wpb_wrapper\">\n<div class=\"wpcf7 no-js\" id=\"wpcf7-f5024-o1\" lang=\"lt-LT\" dir=\"ltr\" data-wpcf7-id=\"5024\">\n<div class=\"screen-reader-response\"><p role=\"status\" aria-live=\"polite\" aria-atomic=\"true\"><\/p> <ul><\/ul><\/div>\n<form action=\"\/en\/wp-json\/wp\/v2\/pages\/5012#wpcf7-f5024-o1\" method=\"post\" class=\"wpcf7-form init\" aria-label=\"Kontakt\u0173 forma\" novalidate=\"novalidate\" data-status=\"init\">\n<fieldset class=\"hidden-fields-container\"><input type=\"hidden\" name=\"_wpcf7\" value=\"5024\" \/><input type=\"hidden\" name=\"_wpcf7_version\" value=\"6.1.5\" \/><input type=\"hidden\" name=\"_wpcf7_locale\" value=\"lt_LT\" \/><input type=\"hidden\" name=\"_wpcf7_unit_tag\" value=\"wpcf7-f5024-o1\" \/><input type=\"hidden\" name=\"_wpcf7_container_post\" value=\"0\" \/><input type=\"hidden\" name=\"_wpcf7_posted_data_hash\" value=\"\" \/>\n<\/fieldset>\n<div class=\"block-13\">\n\t<p><label> J\u016bs\u0173 vardas<br \/>\n<span class=\"wpcf7-form-control-wrap\" data-name=\"your-name\"><input size=\"40\" maxlength=\"400\" class=\"wpcf7-form-control wpcf7-text wpcf7-validates-as-required\" autocomplete=\"name\" aria-required=\"true\" aria-invalid=\"false\" value=\"\" type=\"text\" name=\"your-name\" \/><\/span> <\/label>\n\t<\/p>\n<\/div>\n<div class=\"block-13\">\n\t<p><label> J\u016bs\u0173 el. pa\u0161tas<br \/>\n<span class=\"wpcf7-form-control-wrap\" data-name=\"your-email\"><input size=\"40\" maxlength=\"400\" class=\"wpcf7-form-control wpcf7-email wpcf7-validates-as-required wpcf7-text wpcf7-validates-as-email\" autocomplete=\"email\" aria-required=\"true\" aria-invalid=\"false\" value=\"\" type=\"email\" name=\"your-email\" \/><\/span> <\/label>\n\t<\/p>\n<\/div>\n<div class=\"block-13\">\n\t<p><label> Stovykla <span class=\"wpcf7-form-control-wrap\" data-name=\"pasirinkimas\"><select class=\"wpcf7-form-control wpcf7-select\" aria-invalid=\"false\" name=\"pasirinkimas\"><option value=\"Tapk Tattoo Meistru(liepos 13-17)\">Tapk Tattoo Meistru(liepos 13-17)<\/option><option value=\"Teatro Magija(Bir\u017eelio 29-Liepos 3)\">Teatro Magija(Bir\u017eelio 29-Liepos 3)<\/option><option value=\"Mano Vilnius(Liepos 6-10)\">Mano Vilnius(Liepos 6-10)<\/option><\/select><\/span> <\/label>\n\t<\/p>\n<\/div>\n<div class=\"block-1\">\n\t<p><label> J\u016bs\u0173 \u017einut\u0117<br \/>\n<span class=\"wpcf7-form-control-wrap\" data-name=\"your-message\"><textarea cols=\"40\" rows=\"10\" maxlength=\"2000\" class=\"wpcf7-form-control wpcf7-textarea full-width\" aria-invalid=\"false\" name=\"your-message\"><\/textarea><\/span> <\/label>\n\t<\/p>\n<\/div>\n<div class=\"block-1\">\n\t<p><input class=\"wpcf7-form-control wpcf7-submit has-spinner\" type=\"submit\" value=\"Registruotis\" \/>\n\t<\/p>\n<\/div><div class=\"wpcf7-response-output\" aria-hidden=\"true\"><\/div>\n<\/form>\n<\/div>\n<\/div><\/div><\/div><\/div>\n<\/div>","protected":false},"excerpt":{"rendered":"Kvie\u010diame vaikus ir jaunim\u0105 \u012f k\u016brybines dienos stovyklas, kuriose susipa\u017einsime su meno pagrindais, i\u0161bandysime \u012fvairias pie\u0161imo ir tapybos technikas bei lavinsime k\u016brybin\u012f m\u0105stym\u0105. Stovykla skirta tiek pradedantiesiems, tiek jau pie\u0161imu besidomintiems jauniems k\u016br\u0117jams. Did\u017ei\u0105j\u0105 laiko dal\u012f praleisime u\u017e studijos rib\u0173 \u2013 steb\u0117sime aplink\u0105, kursime gamtoje ir ie\u0161kosime \u012fkv\u0117pimo realioje aplinkoje. Tai ne intensyvus vieno paveikslo [...]","protected":false},"author":2,"featured_media":0,"parent":0,"menu_order":0,"comment_status":"closed","ping_status":"closed","template":"","meta":{"footnotes":""},"class_list":["post-5012","page","type-page","status-publish","hentry"],"yoast_head":"<!-- This site is optimized with the Yoast SEO plugin v27.5 - https:\/\/yoast.com\/product\/yoast-seo-wordpress\/ -->\n<title>Vasaros stovyklos - albinosas.lt<\/title>\n<meta name=\"description\" content=\"Naudojamos priemon\u0117s yra auk\u0161\u010diausios kokyb\u0117s, pagamintos i\u0161 kruop\u0161\u010diai atrinkt\u0173 med\u017eiag\u0173 ir laikantis grie\u017et\u0173 gamybos standart\u0173\" \/>\n<meta name=\"robots\" content=\"index, follow, max-snippet:-1, max-image-preview:large, max-video-preview:-1\" \/>\n<link rel=\"canonical\" href=\"https:\/\/albinosas.lt\/en\/vasaros-stovyklos\/\" \/>\n<meta property=\"og:locale\" content=\"en_GB\" \/>\n<meta property=\"og:type\" content=\"article\" \/>\n<meta property=\"og:title\" content=\"Vasaros stovyklos - albinosas.lt\" \/>\n<meta property=\"og:description\" content=\"Naudojamos priemon\u0117s yra auk\u0161\u010diausios kokyb\u0117s, pagamintos i\u0161 kruop\u0161\u010diai atrinkt\u0173 med\u017eiag\u0173 ir laikantis grie\u017et\u0173 gamybos standart\u0173\" \/>\n<meta property=\"og:url\" content=\"https:\/\/albinosas.lt\/en\/vasaros-stovyklos\/\" \/>\n<meta property=\"og:site_name\" content=\"albinosas.lt\" \/>\n<meta property=\"article:publisher\" content=\"https:\/\/www.facebook.com\/profile.php?id=61578623573228\" \/>\n<meta property=\"article:modified_time\" content=\"2026-03-13T15:22:49+00:00\" \/>\n<meta name=\"twitter:card\" content=\"summary_large_image\" \/>\n<meta name=\"twitter:label1\" content=\"Estimated reading time\" \/>\n\t<meta name=\"twitter:data1\" content=\"2 minutes\" \/>\n<script type=\"application\/ld+json\" class=\"yoast-schema-graph\">{\"@context\":\"https:\\\/\\\/schema.org\",\"@graph\":[{\"@type\":\"WebPage\",\"@id\":\"https:\\\/\\\/albinosas.lt\\\/vasaros-stovyklos\\\/\",\"url\":\"https:\\\/\\\/albinosas.lt\\\/vasaros-stovyklos\\\/\",\"name\":\"Vasaros stovyklos - albinosas.lt\",\"isPartOf\":{\"@id\":\"https:\\\/\\\/albinosas.lt\\\/#website\"},\"datePublished\":\"2026-03-13T15:10:49+00:00\",\"dateModified\":\"2026-03-13T15:22:49+00:00\",\"description\":\"Naudojamos priemon\u0117s yra auk\u0161\u010diausios kokyb\u0117s, pagamintos i\u0161 kruop\u0161\u010diai atrinkt\u0173 med\u017eiag\u0173 ir laikantis grie\u017et\u0173 gamybos standart\u0173\",\"breadcrumb\":{\"@id\":\"https:\\\/\\\/albinosas.lt\\\/vasaros-stovyklos\\\/#breadcrumb\"},\"inLanguage\":\"en-GB\",\"potentialAction\":[{\"@type\":\"ReadAction\",\"target\":[\"https:\\\/\\\/albinosas.lt\\\/vasaros-stovyklos\\\/\"]}]},{\"@type\":\"BreadcrumbList\",\"@id\":\"https:\\\/\\\/albinosas.lt\\\/vasaros-stovyklos\\\/#breadcrumb\",\"itemListElement\":[{\"@type\":\"ListItem\",\"position\":1,\"name\":\"Home\",\"item\":\"https:\\\/\\\/albinosas.lt\\\/\"},{\"@type\":\"ListItem\",\"position\":2,\"name\":\"Vasaros stovyklos\"}]},{\"@type\":\"WebSite\",\"@id\":\"https:\\\/\\\/albinosas.lt\\\/#website\",\"url\":\"https:\\\/\\\/albinosas.lt\\\/\",\"name\":\"albinosas.lt\",\"description\":\"Tapybos studija Vilniuje - Alb1nosas\",\"potentialAction\":[{\"@type\":\"SearchAction\",\"target\":{\"@type\":\"EntryPoint\",\"urlTemplate\":\"https:\\\/\\\/albinosas.lt\\\/?s={search_term_string}\"},\"query-input\":{\"@type\":\"PropertyValueSpecification\",\"valueRequired\":true,\"valueName\":\"search_term_string\"}}],\"inLanguage\":\"en-GB\"}]}<\/script>\n<!-- \/ Yoast SEO plugin. -->","yoast_head_json":{"title":"Vasaros stovyklos - albinosas.lt","description":"Naudojamos priemon\u0117s yra auk\u0161\u010diausios kokyb\u0117s, pagamintos i\u0161 kruop\u0161\u010diai atrinkt\u0173 med\u017eiag\u0173 ir laikantis grie\u017et\u0173 gamybos standart\u0173","robots":{"index":"index","follow":"follow","max-snippet":"max-snippet:-1","max-image-preview":"max-image-preview:large","max-video-preview":"max-video-preview:-1"},"canonical":"https:\/\/albinosas.lt\/en\/vasaros-stovyklos\/","og_locale":"en_GB","og_type":"article","og_title":"Vasaros stovyklos - albinosas.lt","og_description":"Naudojamos priemon\u0117s yra auk\u0161\u010diausios kokyb\u0117s, pagamintos i\u0161 kruop\u0161\u010diai atrinkt\u0173 med\u017eiag\u0173 ir laikantis grie\u017et\u0173 gamybos standart\u0173","og_url":"https:\/\/albinosas.lt\/en\/vasaros-stovyklos\/","og_site_name":"albinosas.lt","article_publisher":"https:\/\/www.facebook.com\/profile.php?id=61578623573228","article_modified_time":"2026-03-13T15:22:49+00:00","twitter_card":"summary_large_image","twitter_misc":{"Estimated reading time":"2 minutes"},"schema":{"@context":"https:\/\/schema.org","@graph":[{"@type":"WebPage","@id":"https:\/\/albinosas.lt\/vasaros-stovyklos\/","url":"https:\/\/albinosas.lt\/vasaros-stovyklos\/","name":"Vasaros stovyklos - albinosas.lt","isPartOf":{"@id":"https:\/\/albinosas.lt\/#website"},"datePublished":"2026-03-13T15:10:49+00:00","dateModified":"2026-03-13T15:22:49+00:00","description":"Naudojamos priemon\u0117s yra auk\u0161\u010diausios kokyb\u0117s, pagamintos i\u0161 kruop\u0161\u010diai atrinkt\u0173 med\u017eiag\u0173 ir laikantis grie\u017et\u0173 gamybos standart\u0173","breadcrumb":{"@id":"https:\/\/albinosas.lt\/vasaros-stovyklos\/#breadcrumb"},"inLanguage":"en-GB","potentialAction":[{"@type":"ReadAction","target":["https:\/\/albinosas.lt\/vasaros-stovyklos\/"]}]},{"@type":"BreadcrumbList","@id":"https:\/\/albinosas.lt\/vasaros-stovyklos\/#breadcrumb","itemListElement":[{"@type":"ListItem","position":1,"name":"Home","item":"https:\/\/albinosas.lt\/"},{"@type":"ListItem","position":2,"name":"Vasaros stovyklos"}]},{"@type":"WebSite","@id":"https:\/\/albinosas.lt\/#website","url":"https:\/\/albinosas.lt\/","name":"albinosas.lt","description":"Tapybos studija Vilniuje - Alb1nosas","potentialAction":[{"@type":"SearchAction","target":{"@type":"EntryPoint","urlTemplate":"https:\/\/albinosas.lt\/?s={search_term_string}"},"query-input":{"@type":"PropertyValueSpecification","valueRequired":true,"valueName":"search_term_string"}}],"inLanguage":"en-GB"}]}},"_hostinger_reach_plugin_has_subscription_block":false,"_hostinger_reach_plugin_is_elementor":false,"_links":{"self":[{"href":"https:\/\/albinosas.lt\/en\/wp-json\/wp\/v2\/pages\/5012","targetHints":{"allow":["GET"]}}],"collection":[{"href":"https:\/\/albinosas.lt\/en\/wp-json\/wp\/v2\/pages"}],"about":[{"href":"https:\/\/albinosas.lt\/en\/wp-json\/wp\/v2\/types\/page"}],"author":[{"embeddable":true,"href":"https:\/\/albinosas.lt\/en\/wp-json\/wp\/v2\/users\/2"}],"replies":[{"embeddable":true,"href":"https:\/\/albinosas.lt\/en\/wp-json\/wp\/v2\/comments?post=5012"}],"version-history":[{"count":9,"href":"https:\/\/albinosas.lt\/en\/wp-json\/wp\/v2\/pages\/5012\/revisions"}],"predecessor-version":[{"id":5025,"href":"https:\/\/albinosas.lt\/en\/wp-json\/wp\/v2\/pages\/5012\/revisions\/5025"}],"wp:attachment":[{"href":"https:\/\/albinosas.lt\/en\/wp-json\/wp\/v2\/media?parent=5012"}],"curies":[{"name":"wp","href":"https:\/\/api.w.org\/{rel}","templated":true}]}}