{"id":4754,"date":"2025-12-29T19:47:10","date_gmt":"2025-12-29T19:47:10","guid":{"rendered":"https:\/\/albinosas.lt\/?page_id=4754"},"modified":"2025-12-29T19:54:12","modified_gmt":"2025-12-29T19:54:12","slug":"pirkimo-pardavimo-taisykles","status":"publish","type":"page","link":"https:\/\/albinosas.lt\/en\/pirkimo-pardavimo-taisykles\/","title":{"rendered":"Sale and purchase rules"},"content":{"rendered":"<div class=\"wpb-content-wrapper\"><div class=\"vc_row wpb_row vc_row-fluid vc_custom_1460538576585\"><div class=\"wpb_column vc_column_container vc_col-sm-12\"><div class=\"vc_column-inner\"><div class=\"wpb_wrapper\">\n\t<div class=\"wpb_text_column wpb_content_element\" >\n\t\t<div class=\"wpb_wrapper\">\n\t\t\t<p data-path-to-node=\"5\"><b data-path-to-node=\"5\" data-index-in-node=\"0\">Galioja nuo:<\/b> 2025-12-29<\/p>\n<h2 data-path-to-node=\"6\">1. Bendrosios nuostatos<\/h2>\n<p data-path-to-node=\"7\">1.1. \u0160ios preki\u0173 pirkimo \u2013 pardavimo taisykl\u0117s (toliau \u2013 \u201eTaisykl\u0117s\u201c) yra \u0161alims privalomas teisinis dokumentas, kuriame nustatomos Pirk\u0117jo ir Pardav\u0117jo teis\u0117s bei pareigos, preki\u0173 \u012fsigijimo bei apmok\u0117jimo u\u017e jas s\u0105lygos, preki\u0173 pristatymo ir gr\u0105\u017einimo tvarka, \u0161ali\u0173 atsakomyb\u0117 bei kitos su preki\u0173 pirkimu &#8211; pardavimu internetin\u0117je parduotuv\u0117je <b data-path-to-node=\"7\" data-index-in-node=\"345\">albinosas.lt<\/b> susijusios nuostatos.<\/p>\n<p data-path-to-node=\"8\">1.2. Pardav\u0117jas yra Albinosas, MB veikiantis adresu Gai\u017euv\u0117l\u0117s g. 38, Saul\u0117teki\u0173 k., LT-54212 Kauno r., \u012fmon\u0117s kodas 307415977.<\/p>\n<p data-path-to-node=\"8\"><b data-path-to-node=\"8\" data-index-in-node=\"129\"><\/b>1.3. Pirk\u0117jas \u2013 tai veiksnus fizinis arba juridinis asmuo, kuris perka prekes internetin\u0117je parduotuv\u0117je <code data-path-to-node=\"9\" data-index-in-node=\"105\">albinosas.lt<\/code>.<\/p>\n<p data-path-to-node=\"10\">1.4. Pardav\u0117jas pasilieka teis\u0119 bet kuriuo metu pakeisti, taisyti ar papildyti Taisykles, atsi\u017evelgdamas \u012f teis\u0117s akt\u0173 nustatytus reikalavimus. Pirk\u0117jui galioja tos Taisykl\u0117s, kurios buvo aktualios u\u017esakymo pateikimo metu.<\/p>\n<h2 data-path-to-node=\"11\">2. Apmok\u0117jimo tvarka ir atsiskaitymo b\u016bdai<\/h2>\n<p data-path-to-node=\"12\">2.1. Preki\u0173 kainos internetin\u0117je parduotuv\u0117je nurodomos eurais.<\/p>\n<p data-path-to-node=\"13\">2.2. Pirk\u0117jas u\u017e prekes atsiskaito vienu i\u0161 \u0161i\u0173 b\u016bd\u0173: <b data-path-to-node=\"13\" data-index-in-node=\"54\">Atsiskaityti galima naudojantis Swedbank, Seb, Luminor, Citadele ir \u0160iauli\u0173 bankas elektronin\u0117s bankininkyst\u0117s paslaugomis. Atsiskaitymai galimi euro valiuta. Mok\u0117jimai apdorojami naudojantis <a href=\"https:\/\/MakeCommerce.lt\">MakeCommerce.lt<\/a> mok\u0117jim\u0173 platforma.<\/b><\/p>\n<p data-path-to-node=\"14\">2.3. Pirk\u0117jas \u012fsipareigoja u\u017e prekes sumok\u0117ti nedelsiant. Tik gavus apmok\u0117jim\u0105 pradedamas formuoti preki\u0173 siuntinys ir pradedamas skai\u010diuoti pristatymo terminas.<\/p>\n<h2 data-path-to-node=\"15\">3. Fizini\u0173 preki\u0173 pristatymas<\/h2>\n<p data-path-to-node=\"16\">3.1. Prekes pristato Pardav\u0117jas arba jo \u012fgaliotas atstovas (kurjeri\u0173 tarnyba). 3.2. Prek\u0117s pristatomos visoje Lietuvoje. Pristatymo kaina ir terminai nurodomi u\u017esakymo formavimo metu. 3.3. \u012eprastas preki\u0173 pristatymo terminas yra <b data-path-to-node=\"16\" data-index-in-node=\"229\"><code data-path-to-node=\"16\" data-index-in-node=\"229\">[pvz., 2-5]<\/code><\/b> darbo dienos po apmok\u0117jimo gavimo, nebent prie prek\u0117s nurodyta kitaip. 3.4. Preki\u0173 pristatymo metu Pirk\u0117jas privalo patikrinti siuntos b\u016bkl<span class=\"citation-182 citation-183 citation-end-183\">\u0119. Pasteb\u0117jus pa\u017eeidim\u0105, Pirk\u0117jas turi teis\u0119 siuntos nepriimti ir kartu su kurjeriu u\u017epildyti pakuot\u0117s pa\u017eeidimo akt\u0105.<\/span><\/p>\n<h2 data-path-to-node=\"17\"><span class=\"citation-180 citation-181 citation-end-181\">4. Fizini\u0173 preki\u0173 gr\u0105\u017einimas ir atsisakymas (Gr\u0105\u017einimo politika)<\/span><\/h2>\n<p data-path-to-node=\"18\"><span class=\"citation-178 citation-179 citation-end-179\">4.1. Pi<\/span><span class=\"citation-178 citation-end-178\">rk\u0117jas turi teis\u0119, nenurodydamas prie\u017easties, atsisakyti<\/span> preki\u0173 pirkimo \u2013 pardavimo sutarties per <b data-path-to-node=\"18\" data-index-in-node=\"105\">14 (keturiolika) dien\u0173<\/b> nuo prek\u0117s gavimo dienos (vadovaujantis LR Civilinio kodekso 6.228(10) straipsniu).<\/p>\n<p data-path-to-node=\"19\">4.2. Nor\u0117damas gr\u0105\u017einti prek\u0119, Pirk\u0117jas turi informuoti Pardav\u0117j\u0105 el. pa\u0161tu <i class=\"pe-7s-mail-open-file\"><\/i>alb1nosas.tapyba@gmail.com, nurodydamas u\u017esakymo numer\u012f ir gr\u0105\u017einimo prie\u017east\u012f (neb\u016btina).<\/p>\n<p data-path-to-node=\"20\">4.3. Gr\u0105\u017einant prekes, b\u016btina laikytis \u0161i\u0173 s\u0105lyg\u0173:<\/p>\n<ul data-path-to-node=\"21\">\n<li>\n<p data-path-to-node=\"21,0,0\">Gr\u0105\u017einama prek\u0117 turi b\u016bti originalioje tvarkingoje pakuot\u0117je;<\/p>\n<\/li>\n<li>\n<p data-path-to-node=\"21,1,0\">Prek\u0117 turi b\u016bti Pirk\u0117jo nesugadinta;<\/p>\n<\/li>\n<li>\n<p data-path-to-node=\"21,2,0\">Prek\u0117 turi b\u016bti nenaudota, nepraradusi prekin\u0117s i\u0161vaizdos (nepa\u017eeistos etiket\u0117s, nenupl\u0117\u0161tos apsaugin\u0117s pl\u0117vel\u0117s ir kt.);<\/p>\n<\/li>\n<li>\n<p data-path-to-node=\"21,3,0\">Gr\u0105\u017einama prek\u0117 turi b\u016bti tos pa\u010dios komplektacijos, kokios buvo Pirk\u0117jo gauta.<\/p>\n<\/li>\n<\/ul>\n<p data-path-to-node=\"22\">4.4. <b data-path-to-node=\"22\" data-index-in-node=\"5\">Pinig\u0173 gr\u0105\u017einimas:<\/b> Pardav\u0117jas \u012fsipareigoja gr\u0105\u017einti Pirk\u0117jui sumok\u0117tus pinigus u\u017e fizin\u0119 prek\u0119 per 14 dien\u0173 nuo tos dienos, kai prek\u0117 pristatoma atgal Pardav\u0117jui ir patikrinama jos b\u016bkl\u0117. Pinigai gr\u0105\u017einami \u012f t\u0105 pa\u010di\u0105 s\u0105skait\u0105, i\u0161 kurios buvo atliktas mok\u0117jimas.<\/p>\n<p data-path-to-node=\"23\">4.5. Gr\u0105\u017einimo i\u0161laidas (pa\u0161to\/kurjerio mokes\u010dius) padengia <b data-path-to-node=\"23\" data-index-in-node=\"60\">Pirk\u0117jas<\/b>, nebent prek\u0117 gr\u0105\u017einama d\u0117l netinkamos kokyb\u0117s (broko) ar Pardav\u0117jo klaidos (gauta ne ta prek\u0117).<\/p>\n<p data-path-to-node=\"24\">4.6. Negr\u0105\u017einamos prek\u0117s: Pagal teis\u0117s aktus, kai kurios prek\u0117s (pvz., apatinis trikota\u017eas, greitai gendan\u010dios prek\u0117s, pagal individual\u0173 u\u017esakym\u0105 pagamintos prek\u0117s) negali b\u016bti gr\u0105\u017einamos, jei jos buvo i\u0161pakuotos ar naudotos.<\/p>\n<h2 data-path-to-node=\"27\">5. Asmens duomen\u0173 apsauga<\/h2>\n<p data-path-to-node=\"28\">6.1. Pirk\u0117jo asmens duomenys tvarkomi vadovaujantis Privatumo politika, kuri\u0105 galite rasti \u010dia: <a href=\"https:\/\/albinosas.lt\/privatumo-politika\/\">Privatumo politika<\/a><\/p>\n<h2 data-path-to-node=\"29\">7. Baigiamosios nuostatos<\/h2>\n<p data-path-to-node=\"30\">7.1. \u0160ioms taisykl\u0117ms yra taikoma Lietuvos Respublikos teis\u0117. 7.2. Visi nesutarimai, kil\u0119 d\u0117l \u0161i\u0173 Taisykli\u0173 vykdymo, sprend\u017eiami deryb\u0173 b\u016bdu. Nepavykus susitarti, gin\u010dai sprend\u017eiami Lietuvos Respublikos \u012fstatym\u0173 nustatyta tvarka. 7.3. Pra\u0161ym\u0105\/skund\u0105 d\u0117l m\u016bs\u0173 interneto parduotuv\u0117je \u012fsigytos prek\u0117s ar paslaugos galite pateikti Valstybinei vartotoj\u0173 teisi\u0173 apsaugos tarnybai (Vilniaus g. 25, 01402 Vilnius, el. p. tarnyba@vvtat.lt, tel. 8 5 262 67 51, interneto svetain\u0117je www.vvtat.lt) arba u\u017epildyti pra\u0161ymo form\u0105 EGS platformoje <a class=\"ng-star-inserted\" href=\"https:\/\/www.google.com\/search?q=http:\/\/ec.europa.eu\/odr\/\" target=\"_blank\" rel=\"noopener\" data-hveid=\"0\" data-ved=\"0CAAQ_4QMahcKEwjDjejmwuORAxUAAAAAHQAAAAAQZw\">http:\/\/ec.europa.eu\/odr\/<\/a>.<\/p>\n\n\t\t<\/div>\n\t<\/div>\n<\/div><\/div><\/div><\/div>\n<\/div>","protected":false},"excerpt":{"rendered":"Galioja nuo: 2025-12-29 1. Bendrosios nuostatos 1.1. \u0160ios preki\u0173 pirkimo \u2013 pardavimo taisykl\u0117s (toliau \u2013 \u201eTaisykl\u0117s\u201c) yra \u0161alims privalomas teisinis dokumentas, kuriame nustatomos Pirk\u0117jo ir Pardav\u0117jo teis\u0117s bei pareigos, preki\u0173 \u012fsigijimo bei apmok\u0117jimo u\u017e jas s\u0105lygos, preki\u0173 pristatymo ir gr\u0105\u017einimo tvarka, \u0161ali\u0173 atsakomyb\u0117 bei kitos su preki\u0173 pirkimu - pardavimu internetin\u0117je parduotuv\u0117je albinosas.lt susijusios nuostatos. [...]","protected":false},"author":3,"featured_media":0,"parent":0,"menu_order":0,"comment_status":"closed","ping_status":"closed","template":"","meta":{"footnotes":""},"class_list":["post-4754","page","type-page","status-publish","hentry"],"yoast_head":"<!-- This site is optimized with the Yoast SEO plugin v27.5 - https:\/\/yoast.com\/product\/yoast-seo-wordpress\/ -->\n<title>Pirkimo-pardavimo taisykl\u0117s - albinosas.lt<\/title>\n<meta name=\"robots\" content=\"index, follow, max-snippet:-1, max-image-preview:large, max-video-preview:-1\" \/>\n<link rel=\"canonical\" href=\"https:\/\/albinosas.lt\/en\/pirkimo-pardavimo-taisykles\/\" \/>\n<meta property=\"og:locale\" content=\"en_GB\" \/>\n<meta property=\"og:type\" content=\"article\" \/>\n<meta property=\"og:title\" content=\"Pirkimo-pardavimo taisykl\u0117s - albinosas.lt\" \/>\n<meta property=\"og:url\" content=\"https:\/\/albinosas.lt\/en\/pirkimo-pardavimo-taisykles\/\" \/>\n<meta property=\"og:site_name\" content=\"albinosas.lt\" \/>\n<meta property=\"article:publisher\" content=\"https:\/\/www.facebook.com\/profile.php?id=61578623573228\" \/>\n<meta property=\"article:modified_time\" content=\"2025-12-29T19:54:12+00:00\" \/>\n<meta name=\"twitter:card\" content=\"summary_large_image\" \/>\n<meta name=\"twitter:label1\" content=\"Estimated reading time\" \/>\n\t<meta name=\"twitter:data1\" content=\"3 minutes\" \/>\n<script type=\"application\/ld+json\" class=\"yoast-schema-graph\">{\"@context\":\"https:\\\/\\\/schema.org\",\"@graph\":[{\"@type\":\"WebPage\",\"@id\":\"https:\\\/\\\/albinosas.lt\\\/pirkimo-pardavimo-taisykles\\\/\",\"url\":\"https:\\\/\\\/albinosas.lt\\\/pirkimo-pardavimo-taisykles\\\/\",\"name\":\"Pirkimo-pardavimo taisykl\u0117s - albinosas.lt\",\"isPartOf\":{\"@id\":\"https:\\\/\\\/albinosas.lt\\\/#website\"},\"datePublished\":\"2025-12-29T19:47:10+00:00\",\"dateModified\":\"2025-12-29T19:54:12+00:00\",\"breadcrumb\":{\"@id\":\"https:\\\/\\\/albinosas.lt\\\/pirkimo-pardavimo-taisykles\\\/#breadcrumb\"},\"inLanguage\":\"en-GB\",\"potentialAction\":[{\"@type\":\"ReadAction\",\"target\":[\"https:\\\/\\\/albinosas.lt\\\/pirkimo-pardavimo-taisykles\\\/\"]}]},{\"@type\":\"BreadcrumbList\",\"@id\":\"https:\\\/\\\/albinosas.lt\\\/pirkimo-pardavimo-taisykles\\\/#breadcrumb\",\"itemListElement\":[{\"@type\":\"ListItem\",\"position\":1,\"name\":\"Home\",\"item\":\"https:\\\/\\\/albinosas.lt\\\/\"},{\"@type\":\"ListItem\",\"position\":2,\"name\":\"Pirkimo-pardavimo taisykl\u0117s\"}]},{\"@type\":\"WebSite\",\"@id\":\"https:\\\/\\\/albinosas.lt\\\/#website\",\"url\":\"https:\\\/\\\/albinosas.lt\\\/\",\"name\":\"albinosas.lt\",\"description\":\"Tapybos studija Vilniuje - Alb1nosas\",\"potentialAction\":[{\"@type\":\"SearchAction\",\"target\":{\"@type\":\"EntryPoint\",\"urlTemplate\":\"https:\\\/\\\/albinosas.lt\\\/?s={search_term_string}\"},\"query-input\":{\"@type\":\"PropertyValueSpecification\",\"valueRequired\":true,\"valueName\":\"search_term_string\"}}],\"inLanguage\":\"en-GB\"}]}<\/script>\n<!-- \/ Yoast SEO plugin. -->","yoast_head_json":{"title":"Pirkimo-pardavimo taisykl\u0117s - albinosas.lt","robots":{"index":"index","follow":"follow","max-snippet":"max-snippet:-1","max-image-preview":"max-image-preview:large","max-video-preview":"max-video-preview:-1"},"canonical":"https:\/\/albinosas.lt\/en\/pirkimo-pardavimo-taisykles\/","og_locale":"en_GB","og_type":"article","og_title":"Pirkimo-pardavimo taisykl\u0117s - albinosas.lt","og_url":"https:\/\/albinosas.lt\/en\/pirkimo-pardavimo-taisykles\/","og_site_name":"albinosas.lt","article_publisher":"https:\/\/www.facebook.com\/profile.php?id=61578623573228","article_modified_time":"2025-12-29T19:54:12+00:00","twitter_card":"summary_large_image","twitter_misc":{"Estimated reading time":"3 minutes"},"schema":{"@context":"https:\/\/schema.org","@graph":[{"@type":"WebPage","@id":"https:\/\/albinosas.lt\/pirkimo-pardavimo-taisykles\/","url":"https:\/\/albinosas.lt\/pirkimo-pardavimo-taisykles\/","name":"Pirkimo-pardavimo taisykl\u0117s - albinosas.lt","isPartOf":{"@id":"https:\/\/albinosas.lt\/#website"},"datePublished":"2025-12-29T19:47:10+00:00","dateModified":"2025-12-29T19:54:12+00:00","breadcrumb":{"@id":"https:\/\/albinosas.lt\/pirkimo-pardavimo-taisykles\/#breadcrumb"},"inLanguage":"en-GB","potentialAction":[{"@type":"ReadAction","target":["https:\/\/albinosas.lt\/pirkimo-pardavimo-taisykles\/"]}]},{"@type":"BreadcrumbList","@id":"https:\/\/albinosas.lt\/pirkimo-pardavimo-taisykles\/#breadcrumb","itemListElement":[{"@type":"ListItem","position":1,"name":"Home","item":"https:\/\/albinosas.lt\/"},{"@type":"ListItem","position":2,"name":"Pirkimo-pardavimo taisykl\u0117s"}]},{"@type":"WebSite","@id":"https:\/\/albinosas.lt\/#website","url":"https:\/\/albinosas.lt\/","name":"albinosas.lt","description":"Tapybos studija Vilniuje - Alb1nosas","potentialAction":[{"@type":"SearchAction","target":{"@type":"EntryPoint","urlTemplate":"https:\/\/albinosas.lt\/?s={search_term_string}"},"query-input":{"@type":"PropertyValueSpecification","valueRequired":true,"valueName":"search_term_string"}}],"inLanguage":"en-GB"}]}},"_hostinger_reach_plugin_has_subscription_block":false,"_hostinger_reach_plugin_is_elementor":false,"_links":{"self":[{"href":"https:\/\/albinosas.lt\/en\/wp-json\/wp\/v2\/pages\/4754","targetHints":{"allow":["GET"]}}],"collection":[{"href":"https:\/\/albinosas.lt\/en\/wp-json\/wp\/v2\/pages"}],"about":[{"href":"https:\/\/albinosas.lt\/en\/wp-json\/wp\/v2\/types\/page"}],"author":[{"embeddable":true,"href":"https:\/\/albinosas.lt\/en\/wp-json\/wp\/v2\/users\/3"}],"replies":[{"embeddable":true,"href":"https:\/\/albinosas.lt\/en\/wp-json\/wp\/v2\/comments?post=4754"}],"version-history":[{"count":1,"href":"https:\/\/albinosas.lt\/en\/wp-json\/wp\/v2\/pages\/4754\/revisions"}],"predecessor-version":[{"id":4755,"href":"https:\/\/albinosas.lt\/en\/wp-json\/wp\/v2\/pages\/4754\/revisions\/4755"}],"wp:attachment":[{"href":"https:\/\/albinosas.lt\/en\/wp-json\/wp\/v2\/media?parent=4754"}],"curies":[{"name":"wp","href":"https:\/\/api.w.org\/{rel}","templated":true}]}}