{"id":4749,"date":"2025-12-29T19:28:23","date_gmt":"2025-12-29T19:28:23","guid":{"rendered":"https:\/\/albinosas.lt\/?page_id=4749"},"modified":"2025-12-29T19:29:27","modified_gmt":"2025-12-29T19:29:27","slug":"slapuku-politika","status":"publish","type":"page","link":"https:\/\/albinosas.lt\/en\/slapuku-politika\/","title":{"rendered":"Cookie Policy"},"content":{"rendered":"<div class=\"wpb-content-wrapper\"><div class=\"vc_row wpb_row vc_row-fluid vc_custom_1460538576585\"><div class=\"wpb_column vc_column_container vc_col-sm-12\"><div class=\"vc_column-inner\"><div class=\"wpb_wrapper\">\n\t<div class=\"wpb_text_column wpb_content_element\" >\n\t\t<div class=\"wpb_wrapper\">\n\t\t\t<p data-path-to-node=\"4\"><b data-path-to-node=\"4\" data-index-in-node=\"0\">Paskutin\u012f kart\u0105 atnaujinta:<\/b> 2025-12-29<\/p>\n<p data-path-to-node=\"5\">\u0160ioje Slapuk\u0173 politikoje paai\u0161kinama, kas yra slapukai (angl. <i data-path-to-node=\"5\" data-index-in-node=\"62\">cookies<\/i>), kaip juos naudojame interneto svetain\u0117je <b data-path-to-node=\"5\" data-index-in-node=\"113\">albinosas.lt<\/b> ir kokias pasirinkimo galimybes turite.<\/p>\n<h2 data-path-to-node=\"6\">1. Kas yra slapukai?<\/h2>\n<p data-path-to-node=\"7\">Slapukai yra ma\u017ei tekstiniai failai, kuriuos j\u016bs\u0173 nar\u0161ykl\u0117 (pvz., \u201eChrome\u201c, \u201eFirefox\u201c, \u201eSafari\u201c) \u012fra\u0161o \u012f j\u016bs\u0173 \u012frengin\u012f (kompiuter\u012f, telefon\u0105 ar plan\u0161et\u0119), kai lankot\u0117s interneto svetain\u0117je. Slapukai pla\u010diai naudojami tam, kad svetain\u0117s veikt\u0173 arba veikt\u0173 efektyviau, taip pat siekiant suteikti informacijos svetain\u0117s savininkams ar u\u017etikrinti tam tikras funkcijas.<\/p>\n<h2 data-path-to-node=\"8\">2. Kas yra duomen\u0173 valdytojas?<\/h2>\n<p>\u0160ios svetain\u0117s duomen\u0173 valdytojas yra Albinosas, MB, 307415977, Gai\u017euv\u0117l\u0117s g. 38, Saul\u0117teki\u0173 k., LT-54212 Kauno r. (toliau \u2013 \u201eMes\u201c arba \u201eSvetain\u0117s administratorius\u201c).<\/p>\n<p>Kontaktai pasiteiravimui: <i class=\"pe-7s-mail-open-file\"><\/i>alb1nosas.tapyba@gmail.com<\/p>\n<h2 data-path-to-node=\"10\">3. Kokius slapukus naudojame ir kod\u0117l?<\/h2>\n<p data-path-to-node=\"11\">Svetain\u0117je <code data-path-to-node=\"11\" data-index-in-node=\"11\">albinosas.lt<\/code> naudojame skirting\u0173 tip\u0173 slapukus. Pagal BDAR reikalavimus, <b data-path-to-node=\"11\" data-index-in-node=\"84\">b\u016btinuosius<\/b> slapukus galime \u012fra\u0161yti be j\u016bs\u0173 sutikimo, nes jie reikalingi svetain\u0117s veikimui. Visiems kitiems (analitiniams, rinkodaros) slapukams reikalingas j\u016bs\u0173 i\u0161ankstinis sutikimas.<\/p>\n<p data-path-to-node=\"12\">Mes naudojame \u0161i\u0173 kategorij\u0173 slapukus:<\/p>\n<h3 data-path-to-node=\"13\">a) B\u016btinieji (Techniniai) slapukai<\/h3>\n<p data-path-to-node=\"14\">\u0160ie slapukai yra b\u016btini, kad gal\u0117tum\u0117te nar\u0161yti svetain\u0117je ir naudotis jos funkcijomis. Be \u0161i\u0173 slapuk\u0173 svetain\u0117 negal\u0117t\u0173 tinkamai veikti (pvz., puslapio atvaizdavimas, saugumo u\u017etikrinimas).<\/p>\n<h3 data-path-to-node=\"15\">b) Analitiniai \/ Statistiniiai slapukai<\/h3>\n<p>\u0160ie slapukai leid\u017eia mums skai\u010diuoti apsilankymus ir srauto \u0161altinius, kad gal\u0117tume \u012fvertinti ir tobulinti svetain\u0117s veikim\u0105. Jie padeda su\u017einoti, kurie puslapiai yra populiariausi, ir pamatyti, kaip lankytojai juda svetain\u0117je. Visa informacija yra renkama anonimi\u0161kai..<\/p>\n<h3 data-path-to-node=\"17\">c) Funkciniai slapukai<\/h3>\n<p data-path-to-node=\"18\">Leid\u017eia svetainei \u012fsiminti j\u016bs\u0173 pasirinkimus (pvz., kalb\u0105, region\u0105) ir pasi\u016blyti patobulintas, jums pritaikytas funkcijas.<\/p>\n<h2 data-path-to-node=\"22\">4. Naudojam\u0173 slapuk\u0173 s\u0105ra\u0161as<\/h2>\n<p data-path-to-node=\"23\">\u017demiau pateikiame pagrindini\u0173 m\u016bs\u0173 naudojam\u0173 slapuk\u0173 s\u0105ra\u0161\u0105:<\/p>\n<table data-path-to-node=\"24\">\n<thead>\n<tr>\n<td><strong>Slapuko pavadinimas<\/strong><\/td>\n<td><strong>Tipas<\/strong><\/td>\n<td><strong>Teik\u0117jas<\/strong><\/td>\n<td><strong>Paskirtis<\/strong><\/td>\n<td><strong>Galiojimo laikas<\/strong><\/td>\n<\/tr>\n<\/thead>\n<tbody>\n<tr>\n<td><span data-path-to-node=\"24,1,0,0\"><b data-path-to-node=\"24,1,0,0\" data-index-in-node=\"0\">PHPSESSID<\/b> <code data-path-to-node=\"24,1,0,0\" data-index-in-node=\"10\"><\/code><\/span><\/td>\n<td><span data-path-to-node=\"24,1,1,0\">B\u016btinasis<\/span><\/td>\n<td><span data-path-to-node=\"24,1,2,0\">albinosas.lt<\/span><\/td>\n<td><span data-path-to-node=\"24,1,3,0\">I\u0161saugo vartotojo sesijos b\u016bsen\u0105 nar\u0161ant puslapiuose.<\/span><\/td>\n<td><span data-path-to-node=\"24,1,4,0\">Iki sesijos pabaigos<\/span><\/td>\n<\/tr>\n<tr>\n<td><span data-path-to-node=\"24,2,0,0\"><b data-path-to-node=\"24,2,0,0\" data-index-in-node=\"0\">cookie_notice_accepted<\/b><\/span><\/td>\n<td><span data-path-to-node=\"24,2,1,0\">B\u016btinasis<\/span><\/td>\n<td><span data-path-to-node=\"24,2,2,0\">albinosas.lt<\/span><\/td>\n<td><span data-path-to-node=\"24,2,3,0\">\u012esimena j\u016bs\u0173 sutikim\u0105 su slapuk\u0173 politika.<\/span><\/td>\n<td><span data-path-to-node=\"24,2,4,0\">1 metai<\/span><\/td>\n<\/tr>\n<tr>\n<td><span data-path-to-node=\"24,3,0,0\"><b data-path-to-node=\"24,3,0,0\" data-index-in-node=\"0\">_ga<\/b><\/span><\/td>\n<td><span data-path-to-node=\"24,3,1,0\">Analitinis<\/span><\/td>\n<td><span data-path-to-node=\"24,3,2,0\">Google Analytics<\/span><\/td>\n<td><span data-path-to-node=\"24,3,3,0\">Registruoja unikal\u0173 ID, naudojam\u0105 statistiniams duomenims generuoti.<\/span><\/td>\n<td><span data-path-to-node=\"24,3,4,0\">2 metai<\/span><\/td>\n<\/tr>\n<tr>\n<td><span data-path-to-node=\"24,4,0,0\"><b data-path-to-node=\"24,4,0,0\" data-index-in-node=\"0\">_gid<\/b><\/span><\/td>\n<td><span data-path-to-node=\"24,4,1,0\">Analitinis<\/span><\/td>\n<td><span data-path-to-node=\"24,4,2,0\">Google Analytics<\/span><\/td>\n<td><span data-path-to-node=\"24,4,3,0\">Naudojamas vartotoj\u0173 elgsenai sekti.<\/span><\/td>\n<td><span data-path-to-node=\"24,4,4,0\">24 val.<\/span><\/td>\n<\/tr>\n<tr>\n<td><span data-path-to-node=\"24,5,0,0\"><b data-path-to-node=\"24,5,0,0\" data-index-in-node=\"0\">_fbp<\/b>\u00a0<\/span><\/td>\n<td><span data-path-to-node=\"24,5,1,0\">Rinkodaros<\/span><\/td>\n<td><span data-path-to-node=\"24,5,2,0\">Facebook<\/span><\/td>\n<td><span data-path-to-node=\"24,5,3,0\">Naudojamas reklamai ir konversij\u0173 sekimui.<\/span><\/td>\n<td><span data-path-to-node=\"24,5,4,0\">3 m\u0117n.<\/span><\/td>\n<\/tr>\n<\/tbody>\n<\/table>\n<blockquote data-path-to-node=\"25\">\n<p data-path-to-node=\"25,0\"><b data-path-to-node=\"25,0\" data-index-in-node=\"0\">Pastaba:<\/b> Tre\u010di\u0173j\u0173 \u0161ali\u0173 (pvz., \u201eGoogle\u201c, \u201eFacebook\u201c) slapuk\u0173 politika gali keistis, tod\u0117l rekomenduojame susipa\u017einti su j\u0173 privatumo politikomis atskirai.<\/p>\n<\/blockquote>\n<h2 data-path-to-node=\"26\">5. Kaip valdyti slapukus?<\/h2>\n<p data-path-to-node=\"27\">J\u016bs turite teis\u0119 bet kada sutikti arba nesutikti su slapuk\u0173 naudojimu (i\u0161skyrus b\u016btinuosius). Tai galite padaryti \u0161iais b\u016bdais:<\/p>\n<ol start=\"1\" data-path-to-node=\"28\">\n<li>\n<p data-path-to-node=\"28,0,0\"><b data-path-to-node=\"28,0,0\" data-index-in-node=\"0\">Slapuk\u0173 valdymo \u012frankis:<\/b> M\u016bs\u0173 svetain\u0117je esan\u010diame slapuk\u0173 juostoje (angl. <i data-path-to-node=\"28,0,0\" data-index-in-node=\"75\">Cookie Banner<\/i>) galite pasirinkti, kuriuos slapukus leid\u017eiate naudoti.<\/p>\n<\/li>\n<li>\n<p data-path-to-node=\"28,1,0\"><b data-path-to-node=\"28,1,0\" data-index-in-node=\"0\">Nar\u0161ykl\u0117s nustatymai:<\/b> J\u016bs galite i\u0161trinti visus j\u016bs\u0173 \u012frenginyje jau esan\u010dius slapukus, o daugum\u0105 nar\u0161ykli\u0173 nustatyti taip, kad slapukai neb\u016bt\u0173 \u012fra\u0161omi. Ta\u010diau tokiu atveju, kaskart lankydamiesi svetain\u0117je, tur\u0117site i\u0161 naujo nustatyti kai kurias parinktis, o kai kurios paslaugos ir funkcijos gali neveikti.<\/p>\n<\/li>\n<\/ol>\n<p data-path-to-node=\"29\">Daugiau informacijos apie tai, kaip valdyti slapukus populiariausiose nar\u0161ykl\u0117se, rasite \u010dia:<\/p>\n<ul data-path-to-node=\"30\">\n<li>\n<p data-path-to-node=\"30,0,0\"><a class=\"ng-star-inserted\" href=\"https:\/\/support.google.com\/chrome\/answer\/95647?hl=lt\" target=\"_blank\" rel=\"noopener\" data-hveid=\"0\" data-ved=\"0CAAQ_4QMahcKEwjDjejmwuORAxUAAAAAHQAAAAAQOw\">Google Chrome<\/a><\/p>\n<\/li>\n<li>\n<p data-path-to-node=\"30,1,0\"><a class=\"ng-star-inserted\" href=\"https:\/\/www.google.com\/search?q=https:\/\/support.mozilla.org\/lt\/kb\/slapuku-trinimas-salinimas-isvalymas\" target=\"_blank\" rel=\"noopener\" data-hveid=\"0\" data-ved=\"0CAAQ_4QMahcKEwjDjejmwuORAxUAAAAAHQAAAAAQPA\">Mozilla Firefox<\/a><\/p>\n<\/li>\n<li>\n<p data-path-to-node=\"30,2,0\"><a class=\"ng-star-inserted\" href=\"https:\/\/www.google.com\/search?q=https:\/\/support.apple.com\/lt-lt\/guide\/safari\/sfri11471\/mac\" target=\"_blank\" rel=\"noopener\" data-hveid=\"0\" data-ved=\"0CAAQ_4QMahcKEwjDjejmwuORAxUAAAAAHQAAAAAQPQ\">Safari<\/a><\/p>\n<\/li>\n<\/ul>\n<h2 data-path-to-node=\"31\">6. Duomen\u0173 perdavimas tre\u010diosioms \u0161alims<\/h2>\n<p data-path-to-node=\"32\">Kai kurie m\u016bs\u0173 naudojami slapukai (pvz., \u201eGoogle Analytics\u201c) gali perduoti anonimizuotus duomenis \u012f serverius, esan\u010dius u\u017e Europos Ekonomin\u0117s Erdv\u0117s (EEE) rib\u0173 (pvz., \u012f JAV). Mes dedame pastangas u\u017etikrinti, kad duomenys b\u016bt\u0173 tvarkomi saugiai, vadovaujantis BDAR standartais.<\/p>\n<h2 data-path-to-node=\"33\">7. Politikos atnaujinimas<\/h2>\n<p data-path-to-node=\"34\">Mes turime teis\u0119 periodi\u0161kai atnaujinti \u0161i\u0105 Slapuk\u0173 politik\u0105. Apie esminius pakeitimus informuosime svetain\u0117je. Naujausia versija visada pasiekiama \u0161iame puslapyje.<\/p>\n\n\t\t<\/div>\n\t<\/div>\n<\/div><\/div><\/div><\/div>\n<\/div>","protected":false},"excerpt":{"rendered":"Paskutin\u012f kart\u0105 atnaujinta: 2025-12-29 \u0160ioje Slapuk\u0173 politikoje paai\u0161kinama, kas yra slapukai (angl. cookies), kaip juos naudojame interneto svetain\u0117je albinosas.lt ir kokias pasirinkimo galimybes turite. 1. Kas yra slapukai? Slapukai yra ma\u017ei tekstiniai failai, kuriuos j\u016bs\u0173 nar\u0161ykl\u0117 (pvz., \u201eChrome\u201c, \u201eFirefox\u201c, \u201eSafari\u201c) \u012fra\u0161o \u012f j\u016bs\u0173 \u012frengin\u012f (kompiuter\u012f, telefon\u0105 ar plan\u0161et\u0119), kai lankot\u0117s interneto svetain\u0117je. Slapukai pla\u010diai naudojami [...]","protected":false},"author":3,"featured_media":0,"parent":0,"menu_order":0,"comment_status":"closed","ping_status":"closed","template":"","meta":{"footnotes":""},"class_list":["post-4749","page","type-page","status-publish","hentry"],"yoast_head":"<!-- This site is optimized with the Yoast SEO plugin v27.5 - https:\/\/yoast.com\/product\/yoast-seo-wordpress\/ -->\n<title>Slapuk\u0173 politika - albinosas.lt<\/title>\n<meta name=\"robots\" content=\"index, follow, max-snippet:-1, max-image-preview:large, max-video-preview:-1\" \/>\n<link rel=\"canonical\" href=\"https:\/\/albinosas.lt\/en\/slapuku-politika\/\" \/>\n<meta property=\"og:locale\" content=\"en_GB\" \/>\n<meta property=\"og:type\" content=\"article\" \/>\n<meta property=\"og:title\" content=\"Slapuk\u0173 politika - albinosas.lt\" \/>\n<meta property=\"og:url\" content=\"https:\/\/albinosas.lt\/en\/slapuku-politika\/\" \/>\n<meta property=\"og:site_name\" content=\"albinosas.lt\" \/>\n<meta property=\"article:publisher\" content=\"https:\/\/www.facebook.com\/profile.php?id=61578623573228\" \/>\n<meta property=\"article:modified_time\" content=\"2025-12-29T19:29:27+00:00\" \/>\n<meta name=\"twitter:card\" content=\"summary_large_image\" \/>\n<meta name=\"twitter:label1\" content=\"Estimated reading time\" \/>\n\t<meta name=\"twitter:data1\" content=\"3 minutes\" \/>\n<script type=\"application\/ld+json\" class=\"yoast-schema-graph\">{\"@context\":\"https:\\\/\\\/schema.org\",\"@graph\":[{\"@type\":\"WebPage\",\"@id\":\"https:\\\/\\\/albinosas.lt\\\/slapuku-politika\\\/\",\"url\":\"https:\\\/\\\/albinosas.lt\\\/slapuku-politika\\\/\",\"name\":\"Slapuk\u0173 politika - albinosas.lt\",\"isPartOf\":{\"@id\":\"https:\\\/\\\/albinosas.lt\\\/#website\"},\"datePublished\":\"2025-12-29T19:28:23+00:00\",\"dateModified\":\"2025-12-29T19:29:27+00:00\",\"breadcrumb\":{\"@id\":\"https:\\\/\\\/albinosas.lt\\\/slapuku-politika\\\/#breadcrumb\"},\"inLanguage\":\"en-GB\",\"potentialAction\":[{\"@type\":\"ReadAction\",\"target\":[\"https:\\\/\\\/albinosas.lt\\\/slapuku-politika\\\/\"]}]},{\"@type\":\"BreadcrumbList\",\"@id\":\"https:\\\/\\\/albinosas.lt\\\/slapuku-politika\\\/#breadcrumb\",\"itemListElement\":[{\"@type\":\"ListItem\",\"position\":1,\"name\":\"Home\",\"item\":\"https:\\\/\\\/albinosas.lt\\\/\"},{\"@type\":\"ListItem\",\"position\":2,\"name\":\"Slapuk\u0173 politika\"}]},{\"@type\":\"WebSite\",\"@id\":\"https:\\\/\\\/albinosas.lt\\\/#website\",\"url\":\"https:\\\/\\\/albinosas.lt\\\/\",\"name\":\"albinosas.lt\",\"description\":\"Tapybos studija Vilniuje - Alb1nosas\",\"potentialAction\":[{\"@type\":\"SearchAction\",\"target\":{\"@type\":\"EntryPoint\",\"urlTemplate\":\"https:\\\/\\\/albinosas.lt\\\/?s={search_term_string}\"},\"query-input\":{\"@type\":\"PropertyValueSpecification\",\"valueRequired\":true,\"valueName\":\"search_term_string\"}}],\"inLanguage\":\"en-GB\"}]}<\/script>\n<!-- \/ Yoast SEO plugin. -->","yoast_head_json":{"title":"Slapuk\u0173 politika - albinosas.lt","robots":{"index":"index","follow":"follow","max-snippet":"max-snippet:-1","max-image-preview":"max-image-preview:large","max-video-preview":"max-video-preview:-1"},"canonical":"https:\/\/albinosas.lt\/en\/slapuku-politika\/","og_locale":"en_GB","og_type":"article","og_title":"Slapuk\u0173 politika - albinosas.lt","og_url":"https:\/\/albinosas.lt\/en\/slapuku-politika\/","og_site_name":"albinosas.lt","article_publisher":"https:\/\/www.facebook.com\/profile.php?id=61578623573228","article_modified_time":"2025-12-29T19:29:27+00:00","twitter_card":"summary_large_image","twitter_misc":{"Estimated reading time":"3 minutes"},"schema":{"@context":"https:\/\/schema.org","@graph":[{"@type":"WebPage","@id":"https:\/\/albinosas.lt\/slapuku-politika\/","url":"https:\/\/albinosas.lt\/slapuku-politika\/","name":"Slapuk\u0173 politika - albinosas.lt","isPartOf":{"@id":"https:\/\/albinosas.lt\/#website"},"datePublished":"2025-12-29T19:28:23+00:00","dateModified":"2025-12-29T19:29:27+00:00","breadcrumb":{"@id":"https:\/\/albinosas.lt\/slapuku-politika\/#breadcrumb"},"inLanguage":"en-GB","potentialAction":[{"@type":"ReadAction","target":["https:\/\/albinosas.lt\/slapuku-politika\/"]}]},{"@type":"BreadcrumbList","@id":"https:\/\/albinosas.lt\/slapuku-politika\/#breadcrumb","itemListElement":[{"@type":"ListItem","position":1,"name":"Home","item":"https:\/\/albinosas.lt\/"},{"@type":"ListItem","position":2,"name":"Slapuk\u0173 politika"}]},{"@type":"WebSite","@id":"https:\/\/albinosas.lt\/#website","url":"https:\/\/albinosas.lt\/","name":"albinosas.lt","description":"Tapybos studija Vilniuje - Alb1nosas","potentialAction":[{"@type":"SearchAction","target":{"@type":"EntryPoint","urlTemplate":"https:\/\/albinosas.lt\/?s={search_term_string}"},"query-input":{"@type":"PropertyValueSpecification","valueRequired":true,"valueName":"search_term_string"}}],"inLanguage":"en-GB"}]}},"_hostinger_reach_plugin_has_subscription_block":false,"_hostinger_reach_plugin_is_elementor":false,"_links":{"self":[{"href":"https:\/\/albinosas.lt\/en\/wp-json\/wp\/v2\/pages\/4749","targetHints":{"allow":["GET"]}}],"collection":[{"href":"https:\/\/albinosas.lt\/en\/wp-json\/wp\/v2\/pages"}],"about":[{"href":"https:\/\/albinosas.lt\/en\/wp-json\/wp\/v2\/types\/page"}],"author":[{"embeddable":true,"href":"https:\/\/albinosas.lt\/en\/wp-json\/wp\/v2\/users\/3"}],"replies":[{"embeddable":true,"href":"https:\/\/albinosas.lt\/en\/wp-json\/wp\/v2\/comments?post=4749"}],"version-history":[{"count":1,"href":"https:\/\/albinosas.lt\/en\/wp-json\/wp\/v2\/pages\/4749\/revisions"}],"predecessor-version":[{"id":4750,"href":"https:\/\/albinosas.lt\/en\/wp-json\/wp\/v2\/pages\/4749\/revisions\/4750"}],"wp:attachment":[{"href":"https:\/\/albinosas.lt\/en\/wp-json\/wp\/v2\/media?parent=4749"}],"curies":[{"name":"wp","href":"https:\/\/api.w.org\/{rel}","templated":true}]}}