{"id":4659,"date":"2025-12-23T19:06:12","date_gmt":"2025-12-23T19:06:12","guid":{"rendered":"https:\/\/albinosas.lt\/?page_id=4659"},"modified":"2026-01-12T19:37:20","modified_gmt":"2026-01-12T19:37:20","slug":"mokytojai","status":"publish","type":"page","link":"https:\/\/albinosas.lt\/en\/mokytojai\/","title":{"rendered":"Teachers"},"content":{"rendered":"<div class=\"wpb-content-wrapper\"><div data-vc-full-width=\"true\" data-vc-full-width-init=\"false\" class=\"vc_row wpb_row vc_row-fluid heli-agency padding-top-lg-50 padding-top-xs-25 vc_custom_1766516790022 vc_row-has-fill\"><div class=\"wow fadeInUp wpb_column vc_column_container vc_col-sm-12\"><div class=\"vc_column-inner\"><div class=\"wpb_wrapper\"><h2 style=\"font-size: 48px;color: #222222;line-height: 1.2;text-align: left;text-transform: none\" class=\"vc_custom_heading vc_custom_1766516838433\">Art studio <b>Alb1nosas<\/b> Teachers<\/h2><\/div><\/div><\/div><\/div><div class=\"vc_row-full-width vc_clearfix\"><\/div><div data-vc-full-width=\"true\" data-vc-full-width-init=\"false\" class=\"vc_row wpb_row vc_row-fluid wow fadeInUp padding-top-lg-100 padding-top-xs-50 vc_custom_1767519129732\"><div class=\"wpb_column vc_column_container vc_col-sm-12\"><div class=\"vc_column-inner\"><div class=\"wpb_wrapper\"><div class=\"vc_row wpb_row vc_inner vc_row-fluid vc_custom_1765109382274\"><div class=\"wpb_column vc_column_container vc_col-sm-6\"><div class=\"vc_column-inner\"><div class=\"wpb_wrapper\">\n\t<div class=\"wpb_text_column wpb_content_element\" >\n\t\t<div class=\"wpb_wrapper\">\n\t\t\t<p><span style=\"font-weight: 400;\">Our studio teachers are experienced, professional artists who not only convey technical knowledge, but also inspire creativity, help discover individual style, and develop artistic self-expression in everyone.<\/span><\/p>\n\n\t\t<\/div>\n\t<\/div>\n<\/div><\/div><\/div><div class=\"wpb_column vc_column_container vc_col-sm-6\"><div class=\"vc_column-inner\"><div class=\"wpb_wrapper\"><\/div><\/div><\/div><\/div><div class=\"vc_row wpb_row vc_inner vc_row-fluid\"><div class=\"wpb_column vc_column_container vc_col-sm-4\"><div class=\"vc_column-inner\"><div class=\"wpb_wrapper\">\n\t<div  class=\"wpb_single_image wpb_content_element vc_align_center wpb_content_element\">\n\t\t\n\t\t<figure class=\"wpb_wrapper vc_figure\">\n\t\t\t<div class=\"vc_single_image-wrapper   vc_box_border_grey\"><img loading=\"lazy\" decoding=\"async\" width=\"240\" height=\"300\" src=\"https:\/\/albinosas.lt\/wp-content\/uploads\/2025\/11\/mokytoja-3-240x300.webp\" class=\"vc_single_image-img attachment-medium\" alt=\"Tapybos studija Vilniuje albinosas - Mokytoja Inga\" title=\"mokytoja-3\" srcset=\"\" sizes=\"auto, (max-width: 240px) 100vw, 240px\" data-srcset=\"\" \/><\/div>\n\t\t<\/figure>\n\t<\/div>\n<div class=\"vc_separator wpb_content_element vc_separator_align_center vc_sep_width_100 vc_sep_pos_align_center vc_sep_color_grey wpb_content_element vc_separator-has-text\" ><span class=\"vc_sep_holder vc_sep_holder_l\"><span class=\"vc_sep_line\"><\/span><\/span><h4>Inga Povil\u016bnien\u0117<\/h4><span class=\"vc_sep_holder vc_sep_holder_r\"><span class=\"vc_sep_line\"><\/span><\/span>\n<\/div>\n\t<div class=\"wpb_text_column wpb_content_element\" >\n\t\t<div class=\"wpb_wrapper\">\n\t\t\t<p data-start=\"144\" data-end=\"865\"><strong>Bachelor of Education, art teacher qualification, interior design specialty, graphic design studies.<\/strong><\/p>\n<p data-start=\"144\" data-end=\"865\">Rushing and competition are things I would like to avoid, so I especially appreciate the therapeutic side of creativity. No matter what art form you engage in, it can be like an escape room, where thoughts clear and the soul comes alive. A supportive environment and warm relationships are an important condition for a successful teaching process, so I will try to create a connection that would promote openness, trust and freedom. It is in such an environment that everyone's creative powers are best revealed. I invite you to try and discover tools and techniques that are close to you, gain knowledge, and feel the impact of art and colors.<\/p>\n\n\t\t<\/div>\n\t<\/div>\n<\/div><\/div><\/div><div class=\"wpb_column vc_column_container vc_col-sm-4\"><div class=\"vc_column-inner\"><div class=\"wpb_wrapper\">\n\t<div  class=\"wpb_single_image wpb_content_element vc_align_center wpb_content_element\">\n\t\t\n\t\t<figure class=\"wpb_wrapper vc_figure\">\n\t\t\t<div class=\"vc_single_image-wrapper   vc_box_border_grey\"><img loading=\"lazy\" decoding=\"async\" width=\"240\" height=\"300\" src=\"https:\/\/albinosas.lt\/wp-content\/uploads\/2025\/11\/mokytoja-1-240x300.webp\" class=\"vc_single_image-img attachment-medium\" alt=\"Tapybos studija vilniuje albinosas - Mokytoja Agne\" title=\"mokytoja-1\" srcset=\"\" sizes=\"auto, (max-width: 240px) 100vw, 240px\" data-srcset=\"\" \/><\/div>\n\t\t<\/figure>\n\t<\/div>\n<div class=\"vc_separator wpb_content_element vc_separator_align_center vc_sep_width_100 vc_sep_pos_align_center vc_sep_color_grey wpb_content_element vc_separator-has-text\" ><span class=\"vc_sep_holder vc_sep_holder_l\"><span class=\"vc_sep_line\"><\/span><\/span><h4>Agn\u0117 Dara\u0161kevi\u010dien\u0117<\/h4><span class=\"vc_sep_holder vc_sep_holder_r\"><span class=\"vc_sep_line\"><\/span><\/span>\n<\/div>\n\t<div class=\"wpb_text_column wpb_content_element\" >\n\t\t<div class=\"wpb_wrapper\">\n\t\t\t<p><strong>Bachelor of Arts, teacher qualification; specialization in preschool and pre-school education pedagogy; professional Bachelor of Arts, designer qualification (clothing design); interior design specialty; applied graphics studies.<\/strong><\/p>\n<p>For me, art is a journey through colors, lines, and shapes, the pleasure of slow time, and the opportunity to be with myself. These are moments when the creative impulse awakens and bridges are built between what I see and what I feel. I love when classical techniques and modern experiments meet, and I am very happy to help others find their own way of seeing and expressing the world.<\/p>\n\n\t\t<\/div>\n\t<\/div>\n<\/div><\/div><\/div><div class=\"wpb_column vc_column_container vc_col-sm-4\"><div class=\"vc_column-inner\"><div class=\"wpb_wrapper\">\n\t<div  class=\"wpb_single_image wpb_content_element vc_align_center wpb_content_element\">\n\t\t\n\t\t<figure class=\"wpb_wrapper vc_figure\">\n\t\t\t<div class=\"vc_single_image-wrapper   vc_box_border_grey\"><img loading=\"lazy\" decoding=\"async\" width=\"240\" height=\"300\" src=\"https:\/\/albinosas.lt\/wp-content\/uploads\/2025\/11\/mokytoja-2-240x300.webp\" class=\"vc_single_image-img attachment-medium\" alt=\"Tapybos studija Vilniuje - Albinosas - mokytoja Margarita\" title=\"mokytoja-2\" srcset=\"\" sizes=\"auto, (max-width: 240px) 100vw, 240px\" data-srcset=\"\" \/><\/div>\n\t\t<\/figure>\n\t<\/div>\n<div class=\"vc_separator wpb_content_element vc_separator_align_center vc_sep_width_100 vc_sep_pos_align_center vc_sep_color_grey wpb_content_element vc_separator-has-text\" ><span class=\"vc_sep_holder vc_sep_holder_l\"><span class=\"vc_sep_line\"><\/span><\/span><h4>Margarita Kalinka<\/h4><span class=\"vc_sep_holder vc_sep_holder_r\"><span class=\"vc_sep_line\"><\/span><\/span>\n<\/div>\n\t<div class=\"wpb_text_column wpb_content_element\" >\n\t\t<div class=\"wpb_wrapper\">\n\t\t\t<p><strong>Art Pedagogy (VMU), clothing design (fashion illustration), color theory, composition, painting, sketching. Specialization \u2013 acrylic and watercolor.<\/strong><\/p>\n<p>I believe that everyone can draw, and the skill of drawing and painting is learned like a language or any other skill. Painting and drawing can be both a non-binding game, an enchanting experiment, and another form of pleasant relaxation and time for yourself. I invite you to embark on a journey together into the world of colors, shapes and textures. I will generously share my knowledge of the basics of painting, I will invite you to have fun discovering and exploring the world through the eyes of an artist.<\/p>\n\n\t\t<\/div>\n\t<\/div>\n<\/div><\/div><\/div><\/div><\/div><\/div><\/div><\/div><div class=\"vc_row-full-width vc_clearfix\"><\/div><div class=\"vc_row wpb_row vc_row-fluid vc_custom_1768145057128 vc_row-o-content-middle vc_row-flex\"><div class=\"wpb_column vc_column_container vc_col-sm-6\"><div class=\"vc_column-inner\"><div class=\"wpb_wrapper\">\n\t<div class=\"wpb_raw_code wpb_raw_html wpb_content_element vc_custom_1768157406404\" >\n\t\t<div class=\"wpb_wrapper\">\n\t\t\t<iframe loading=\"lazy\" width=\"560\" height=\"315\" src=\"https:\/\/www.youtube.com\/embed\/tnbWYQe2j-w?si=L-97dviSToEuk13v\" title=\"YouTube video player\" frameborder=\"0\" allow=\"accelerometer; autoplay; clipboard-write; encrypted-media; gyroscope; picture-in-picture; web-share\" referrerpolicy=\"strict-origin-when-cross-origin\" allowfullscreen><\/iframe>\n\t\t<\/div>\n\t<\/div>\n<\/div><\/div><\/div><div class=\"wpb_column vc_column_container vc_col-sm-6\"><div class=\"vc_column-inner\"><div class=\"wpb_wrapper\"><div class=\"vc_separator wpb_content_element vc_separator_align_center vc_sep_width_100 vc_sep_pos_align_center vc_sep_color_grey wpb_content_element vc_separator-has-text\" ><span class=\"vc_sep_holder vc_sep_holder_l\"><span class=\"vc_sep_line\"><\/span><\/span><h4>Dalius Majauskas<\/h4><span class=\"vc_sep_holder vc_sep_holder_r\"><span class=\"vc_sep_line\"><\/span><\/span>\n<\/div>\n\t<div class=\"wpb_text_column wpb_content_element\" >\n\t\t<div class=\"wpb_wrapper\">\n\t\t\t<p>Over the years, I have gained not only technical knowledge, but also a deep understanding of the creative process. My experience has been shaped through constant practice, independent creation, and working with different people and their creative needs. Through my experience, I have learned that the most important thing is not the perfect result, but the process of creation itself. At the studio, we help people gain confidence, courage to experiment, and enjoy painting as a living, constantly changing experience.<\/p>\n\n\t\t<\/div>\n\t<\/div>\n<\/div><\/div><\/div><\/div><div data-vc-full-width=\"true\" data-vc-full-width-init=\"false\" data-vc-parallax=\"1.5\" data-vc-parallax-image=\"https:\/\/albinosas.lt\/wp-content\/uploads\/2015\/09\/parallax02.jpg\" class=\"vc_row wpb_row vc_row-fluid heli-testimonials padding-top-lg-100 padding-bottom-lg-100 padding-top-xs-50 padding-bottom-xs-50 vc_custom_1458533496221 vc_row-has-fill vc_general vc_parallax vc_parallax-content-moving\"><div class=\"wpb_column vc_column_container vc_col-sm-12 vc_col-lg-offset-0 vc_col-lg-6 vc_col-md-offset-0 vc_col-md-6 vc_col-sm-offset-0 vc_col-xs-12\"><div class=\"vc_column-inner\"><div class=\"wpb_wrapper\"><h2 style=\"font-size: 32px;color: #222222;text-align: left;text-transform: none\" class=\"vc_custom_heading style1 before2 vc_custom_1763798977351\"><b>Clients<\/b> feedback<\/h2>\n\t<div class=\"wpb_text_column wpb_content_element\" >\n\t\t<div class=\"wpb_wrapper\">\n\t\t\t<p>At Alb1nosas studio, people not only become, but also discover their creative freedom. Here we share real experiences and feelings that are born between paints, peace and inspiration. The words of our visitors are the best proof of how cozy and bold everyone feels here.<\/p>\n\n\t\t<\/div>\n\t<\/div>\n<\/div><\/div><\/div><div class=\"padding-top-xs-50 padding-top-md-0 wpb_column vc_column_container vc_col-sm-12 vc_col-lg-offset-0 vc_col-lg-6 vc_col-md-offset-0 vc_col-md-6 vc_col-xs-12\"><div class=\"vc_column-inner\"><div class=\"wpb_wrapper\"><div id=\"testimonials-0\" class=\"thememove_testimonials  style-1 has-bullets\">\n\t<div class=\"widget widget_woothemes_testimonials\">\n<div class=\"testimonials component effect-fade\">\n<div class=\"testimonials-list\">\n<div id=\"quote-178\" class=\"quote first no-image\" itemprop=\"review\" itemscope itemtype=\"http:\/\/schema.org\/Review\"><blockquote class=\"testimonials-text\" itemprop=\"reviewBody\"><p>I was surprised by the warm welcome and the atmosphere it provided. \u2764\ufe0f\u2764\ufe0f\u2764\ufe0f<\/p>\n<\/blockquote> <cite class=\"author\" itemprop=\"author\" itemscope itemtype=\"http:\/\/schema.org\/Person\"><span itemprop=\"name\">Monika B.<\/span><\/cite><!--\/.author-->\n<\/div><div id=\"quote-179\" class=\"quote no-image\" itemprop=\"review\" itemscope itemtype=\"http:\/\/schema.org\/Review\"><blockquote class=\"testimonials-text\" itemprop=\"reviewBody\"><p>Very nice, modern environment \ud83d\ude42 nice staff, sincere recommendation to visit and try it \ud83d\ude42<\/p>\n<\/blockquote> <cite class=\"author\" itemprop=\"author\" itemscope itemtype=\"http:\/\/schema.org\/Person\"><span itemprop=\"name\">Donatas N.<\/span><\/cite><!--\/.author-->\n<\/div><div id=\"quote-1435\" class=\"quote last no-image\" itemprop=\"review\" itemscope itemtype=\"http:\/\/schema.org\/Review\"><blockquote class=\"testimonials-text\" itemprop=\"reviewBody\"><p>I took a private lesson, I really liked the attention the teacher gave, and the wide selection of professional tools.<\/p>\n<\/blockquote> <cite class=\"author\" itemprop=\"author\" itemscope itemtype=\"http:\/\/schema.org\/Person\"><span itemprop=\"name\">Eugenija U.<\/span><\/cite><!--\/.author-->\n<\/div><\/div><!--\/.testimonials-list-->\n<div class=\"fix\"><\/div>\n<\/div><!--\/.testimonials-->\n<\/div>\n<\/div>\n\n\t<script>\n\t\tjQuery( document ).ready( function( $ ) {\n\t\t\t$( \"#testimonials-0 .testimonials-list\" ).owlCarousel(\n\t\t\t\t{\n\t\t\t\t\tresponsive: {\n\t\t\t\t\t\t0: {\n\t\t\t\t\t\t\titems: 1\n\t\t\t\t\t\t},\n\t\t\t\t\t\t769: {\n\t\t\t\t\t\t\titems: 1\t\t\t\t\t\t}\n\t\t\t\t\t},\n\t\t\t\t\tnavigation: false,\n\t\t\t\t\tmargin: 30,\n\t\t\t\t\t\t\t\t\t\tdots: true,\n\t\t\t\t\t\t\t\t\t\t\t\t\t\t\tautoplay: false,\n\t\t\t\t\t\t\t\t\t\tautoplayHoverPause: true\n\t\t\t\t}\n\t\t\t);\n\t\t} );\n\t<\/script>\n<\/div><\/div><\/div><\/div><div class=\"vc_row-full-width vc_clearfix\"><\/div>\n<\/div>","protected":false},"excerpt":{"rendered":"I took a private lesson, I really liked the attention the teacher gave, and the wide selection of professional tools.","protected":false},"author":3,"featured_media":0,"parent":0,"menu_order":0,"comment_status":"closed","ping_status":"closed","template":"","meta":{"footnotes":""},"class_list":["post-4659","page","type-page","status-publish","hentry"],"yoast_head":"<!-- This site is optimized with the Yoast SEO plugin v27.5 - https:\/\/yoast.com\/product\/yoast-seo-wordpress\/ -->\n<title>Mokytojai - albinosas.lt<\/title>\n<meta name=\"description\" content=\"M\u016bs\u0173 studijos mokytojai yra patyr\u0119, profesional\u016bs menininkai, kurie ne tik perteikia technines \u017einias, bet ir \u012fkvepia k\u016brybi\u0161kum\u0105\" \/>\n<meta name=\"robots\" content=\"index, follow, max-snippet:-1, max-image-preview:large, max-video-preview:-1\" \/>\n<link rel=\"canonical\" href=\"https:\/\/albinosas.lt\/en\/mokytojai\/\" \/>\n<meta property=\"og:locale\" content=\"en_GB\" \/>\n<meta property=\"og:type\" content=\"article\" \/>\n<meta property=\"og:title\" content=\"Mokytojai - albinosas.lt\" \/>\n<meta property=\"og:description\" content=\"M\u016bs\u0173 studijos mokytojai yra patyr\u0119, profesional\u016bs menininkai, kurie ne tik perteikia technines \u017einias, bet ir \u012fkvepia k\u016brybi\u0161kum\u0105\" \/>\n<meta property=\"og:url\" content=\"https:\/\/albinosas.lt\/en\/mokytojai\/\" \/>\n<meta property=\"og:site_name\" content=\"albinosas.lt\" \/>\n<meta property=\"article:publisher\" content=\"https:\/\/www.facebook.com\/profile.php?id=61578623573228\" \/>\n<meta property=\"article:modified_time\" content=\"2026-01-12T19:37:20+00:00\" \/>\n<meta name=\"twitter:card\" content=\"summary_large_image\" \/>\n<meta name=\"twitter:label1\" content=\"Estimated reading time\" \/>\n\t<meta name=\"twitter:data1\" content=\"3 minutes\" \/>\n<script type=\"application\/ld+json\" class=\"yoast-schema-graph\">{\"@context\":\"https:\\\/\\\/schema.org\",\"@graph\":[{\"@type\":\"WebPage\",\"@id\":\"https:\\\/\\\/albinosas.lt\\\/mokytojai\\\/\",\"url\":\"https:\\\/\\\/albinosas.lt\\\/mokytojai\\\/\",\"name\":\"Mokytojai - albinosas.lt\",\"isPartOf\":{\"@id\":\"https:\\\/\\\/albinosas.lt\\\/#website\"},\"datePublished\":\"2025-12-23T19:06:12+00:00\",\"dateModified\":\"2026-01-12T19:37:20+00:00\",\"description\":\"M\u016bs\u0173 studijos mokytojai yra patyr\u0119, profesional\u016bs menininkai, kurie ne tik perteikia technines \u017einias, bet ir \u012fkvepia k\u016brybi\u0161kum\u0105\",\"breadcrumb\":{\"@id\":\"https:\\\/\\\/albinosas.lt\\\/mokytojai\\\/#breadcrumb\"},\"inLanguage\":\"en-GB\",\"potentialAction\":[{\"@type\":\"ReadAction\",\"target\":[\"https:\\\/\\\/albinosas.lt\\\/mokytojai\\\/\"]}]},{\"@type\":\"BreadcrumbList\",\"@id\":\"https:\\\/\\\/albinosas.lt\\\/mokytojai\\\/#breadcrumb\",\"itemListElement\":[{\"@type\":\"ListItem\",\"position\":1,\"name\":\"Home\",\"item\":\"https:\\\/\\\/albinosas.lt\\\/\"},{\"@type\":\"ListItem\",\"position\":2,\"name\":\"Mokytojai\"}]},{\"@type\":\"WebSite\",\"@id\":\"https:\\\/\\\/albinosas.lt\\\/#website\",\"url\":\"https:\\\/\\\/albinosas.lt\\\/\",\"name\":\"albinosas.lt\",\"description\":\"Tapybos studija Vilniuje - Alb1nosas\",\"potentialAction\":[{\"@type\":\"SearchAction\",\"target\":{\"@type\":\"EntryPoint\",\"urlTemplate\":\"https:\\\/\\\/albinosas.lt\\\/?s={search_term_string}\"},\"query-input\":{\"@type\":\"PropertyValueSpecification\",\"valueRequired\":true,\"valueName\":\"search_term_string\"}}],\"inLanguage\":\"en-GB\"}]}<\/script>\n<!-- \/ Yoast SEO plugin. -->","yoast_head_json":{"title":"Mokytojai - albinosas.lt","description":"M\u016bs\u0173 studijos mokytojai yra patyr\u0119, profesional\u016bs menininkai, kurie ne tik perteikia technines \u017einias, bet ir \u012fkvepia k\u016brybi\u0161kum\u0105","robots":{"index":"index","follow":"follow","max-snippet":"max-snippet:-1","max-image-preview":"max-image-preview:large","max-video-preview":"max-video-preview:-1"},"canonical":"https:\/\/albinosas.lt\/en\/mokytojai\/","og_locale":"en_GB","og_type":"article","og_title":"Mokytojai - albinosas.lt","og_description":"M\u016bs\u0173 studijos mokytojai yra patyr\u0119, profesional\u016bs menininkai, kurie ne tik perteikia technines \u017einias, bet ir \u012fkvepia k\u016brybi\u0161kum\u0105","og_url":"https:\/\/albinosas.lt\/en\/mokytojai\/","og_site_name":"albinosas.lt","article_publisher":"https:\/\/www.facebook.com\/profile.php?id=61578623573228","article_modified_time":"2026-01-12T19:37:20+00:00","twitter_card":"summary_large_image","twitter_misc":{"Estimated reading time":"3 minutes"},"schema":{"@context":"https:\/\/schema.org","@graph":[{"@type":"WebPage","@id":"https:\/\/albinosas.lt\/mokytojai\/","url":"https:\/\/albinosas.lt\/mokytojai\/","name":"Mokytojai - albinosas.lt","isPartOf":{"@id":"https:\/\/albinosas.lt\/#website"},"datePublished":"2025-12-23T19:06:12+00:00","dateModified":"2026-01-12T19:37:20+00:00","description":"M\u016bs\u0173 studijos mokytojai yra patyr\u0119, profesional\u016bs menininkai, kurie ne tik perteikia technines \u017einias, bet ir \u012fkvepia k\u016brybi\u0161kum\u0105","breadcrumb":{"@id":"https:\/\/albinosas.lt\/mokytojai\/#breadcrumb"},"inLanguage":"en-GB","potentialAction":[{"@type":"ReadAction","target":["https:\/\/albinosas.lt\/mokytojai\/"]}]},{"@type":"BreadcrumbList","@id":"https:\/\/albinosas.lt\/mokytojai\/#breadcrumb","itemListElement":[{"@type":"ListItem","position":1,"name":"Home","item":"https:\/\/albinosas.lt\/"},{"@type":"ListItem","position":2,"name":"Mokytojai"}]},{"@type":"WebSite","@id":"https:\/\/albinosas.lt\/#website","url":"https:\/\/albinosas.lt\/","name":"albinosas.lt","description":"Tapybos studija Vilniuje - Alb1nosas","potentialAction":[{"@type":"SearchAction","target":{"@type":"EntryPoint","urlTemplate":"https:\/\/albinosas.lt\/?s={search_term_string}"},"query-input":{"@type":"PropertyValueSpecification","valueRequired":true,"valueName":"search_term_string"}}],"inLanguage":"en-GB"}]}},"_hostinger_reach_plugin_has_subscription_block":false,"_hostinger_reach_plugin_is_elementor":false,"_links":{"self":[{"href":"https:\/\/albinosas.lt\/en\/wp-json\/wp\/v2\/pages\/4659","targetHints":{"allow":["GET"]}}],"collection":[{"href":"https:\/\/albinosas.lt\/en\/wp-json\/wp\/v2\/pages"}],"about":[{"href":"https:\/\/albinosas.lt\/en\/wp-json\/wp\/v2\/types\/page"}],"author":[{"embeddable":true,"href":"https:\/\/albinosas.lt\/en\/wp-json\/wp\/v2\/users\/3"}],"replies":[{"embeddable":true,"href":"https:\/\/albinosas.lt\/en\/wp-json\/wp\/v2\/comments?post=4659"}],"version-history":[{"count":18,"href":"https:\/\/albinosas.lt\/en\/wp-json\/wp\/v2\/pages\/4659\/revisions"}],"predecessor-version":[{"id":4867,"href":"https:\/\/albinosas.lt\/en\/wp-json\/wp\/v2\/pages\/4659\/revisions\/4867"}],"wp:attachment":[{"href":"https:\/\/albinosas.lt\/en\/wp-json\/wp\/v2\/media?parent=4659"}],"curies":[{"name":"wp","href":"https:\/\/api.w.org\/{rel}","templated":true}]}}